{"id":2106,"date":"2021-03-25T04:08:26","date_gmt":"2021-03-25T04:08:26","guid":{"rendered":"http:\/\/localhost\/nuss\/?page_id=298"},"modified":"2025-11-22T05:28:32","modified_gmt":"2025-11-22T05:28:32","slug":"erfahrungen","status":"publish","type":"page","link":"https:\/\/gangsherooftopviewhotel.com\/de\/erfahrungen\/","title":{"rendered":"GangShe Rooftop View Hotel \u2013 Hotelbewertungen"},"content":{"rendered":"<div data-elementor-type=\"wp-page\" data-elementor-id=\"2106\" class=\"elementor elementor-2106\">\n\t\t\t\t\t\t<section class=\"elementor-section elementor-top-section elementor-element elementor-element-1954ffc elementor-section-boxed elementor-section-gap-beside-yes elementor-section-height-default elementor-section-height-default elementor-section-column-vertical-align-stretch\" data-id=\"1954ffc\" data-element_type=\"section\" data-e-type=\"section\">\n\t\t\t\t\t\t<div class=\"elementor-container elementor-column-gap-extended\">\n\t\t\t\t\t<div class=\"elementor-column elementor-col-100 elementor-top-column elementor-element elementor-element-86aebc5\" data-id=\"86aebc5\" data-element_type=\"column\" data-e-type=\"column\">\n\t\t\t<div class=\"elementor-widget-wrap elementor-element-populated\">\n\t\t\t\t\t\t<div class=\"elementor-element elementor-element-11803d1 elementor-widget__width-initial elementor-invisible elementor-widget elementor-widget-text-editor\" data-id=\"11803d1\" data-element_type=\"widget\" data-e-type=\"widget\" data-settings=\"{&quot;_animation&quot;:&quot;nussFadeInUp&quot;}\" data-widget_type=\"text-editor.default\">\n\t\t\t\t\t\t\t\t\t<div class=\"svelte-1c06zsf\" data-lang-code=\"\"><p><strong data-spm-anchor-id=\"a2ty_o01.29997173.0.i46.2ca9c921hDpzAm\">GangShe Rooftop View Hotel I \u2013 Echte G\u00e4steerfahrungen &amp; Bewertungen: Warum Reisende dieses Juwel in Guilin mit 9,7\/10 bewerten<\/strong><\/p><\/div>\t\t\t\t\t\t\t\t<\/div>\n\t\t\t\t\t<\/div>\n\t\t<\/div>\n\t\t\t\t\t<\/div>\n\t\t<\/section>\n\t\t<div class=\"elementor-element elementor-element-95e7268 e-flex e-con-boxed e-con e-parent\" data-id=\"95e7268\" data-element_type=\"container\" data-e-type=\"container\">\n\t\t\t\t\t<div class=\"e-con-inner\">\n\t\t\t\t<div class=\"elementor-element elementor-element-bd47571 elementor-widget elementor-widget-image\" data-id=\"bd47571\" data-element_type=\"widget\" data-e-type=\"widget\" data-widget_type=\"image.default\">\n\t\t\t\t\t\t\t\t\t\t\t\t\t\t\t\t<a href=\"https:\/\/www.trip.com\/hotels\/guilin-hotel-detail-2921527\/gangshe-rooftop-view-hotel-l\/?Allianceid=4590391&#038;SID=277205839&#038;trip_sub1=&#038;trip_sub3=D7176045\" target=\"_blank\" rel=\"noopener\">\n\t\t\t\t\t\t\t<img fetchpriority=\"high\" decoding=\"async\" width=\"1713\" height=\"1243\" src=\"https:\/\/gangsherooftopviewhotel.com\/wp-content\/uploads\/2025\/11\/GangShe-Rooftop-View-Hotel-reviews.jpg\" class=\"attachment-full size-full wp-image-7411\" alt=\"\" srcset=\"https:\/\/gangsherooftopviewhotel.com\/wp-content\/uploads\/2025\/11\/GangShe-Rooftop-View-Hotel-reviews.jpg 1713w, https:\/\/gangsherooftopviewhotel.com\/wp-content\/uploads\/2025\/11\/GangShe-Rooftop-View-Hotel-reviews-300x218.jpg 300w, https:\/\/gangsherooftopviewhotel.com\/wp-content\/uploads\/2025\/11\/GangShe-Rooftop-View-Hotel-reviews-1024x743.jpg 1024w, https:\/\/gangsherooftopviewhotel.com\/wp-content\/uploads\/2025\/11\/GangShe-Rooftop-View-Hotel-reviews-768x557.jpg 768w, https:\/\/gangsherooftopviewhotel.com\/wp-content\/uploads\/2025\/11\/GangShe-Rooftop-View-Hotel-reviews-1536x1115.jpg 1536w, https:\/\/gangsherooftopviewhotel.com\/wp-content\/uploads\/2025\/11\/GangShe-Rooftop-View-Hotel-reviews-18x12.jpg 18w\" sizes=\"(max-width: 1713px) 100vw, 1713px\" \/>\t\t\t\t\t\t\t\t<\/a>\n\t\t\t\t\t\t\t\t\t\t\t\t\t\t\t<\/div>\n\t\t\t\t\t<\/div>\n\t\t\t\t<\/div>\n\t\t<div class=\"elementor-element elementor-element-3e39171 e-flex e-con-boxed e-con e-parent\" data-id=\"3e39171\" data-element_type=\"container\" data-e-type=\"container\">\n\t\t\t\t\t<div class=\"e-con-inner\">\n\t\t\t\t<div class=\"elementor-element elementor-element-7761d0c elementor-widget elementor-widget-text-editor\" data-id=\"7761d0c\" data-element_type=\"widget\" data-e-type=\"widget\" data-widget_type=\"text-editor.default\">\n\t\t\t\t\t\t\t\t\t<p data-spm-anchor-id=\"a2ty_o01.29997173.0.i45.2ca9c921hDpzAm\">Bei der Wahl eines Hotels in Guilin \u2013 einer Stadt, die f\u00fcr ihre nebelverhangenen Karstgipfel, ruhigen Fl\u00fcsse und alten Gassen ber\u00fchmt ist \u2013 w\u00fcnschen sich G\u00e4ste nicht nur Komfort. Sie sehnen sich nach Authentizit\u00e4t, Bequemlichkeit und unvergesslichen Momenten. <strong>GangShe Rooftop View Hotel I (Guilin Two Rivers and Four Lakes Elephant Trunk Hill)<\/strong>, gelegen bei <strong>Nr. 15 Jiefang East Road, Bezirk Xiufeng<\/strong>, Reisende buchen nicht einfach nur ein Zimmer \u2013 sie tauchen ein in ein sorgf\u00e4ltig zusammengestelltes Erlebnis, das durchweg hervorragende Bewertungen erh\u00e4lt. <strong>9,7 von 10 Punkten von \u00fcber 11.600 verifizierten G\u00e4sten auf Trip.com<\/strong>.<\/p><p>Dies ist nicht einfach nur ein weiteres 4-Sterne-Hotel \u2013 es ist ein Reiseziel im Reiseziel. Dank seiner zentralen Lage, des stilvollen Designs und der durchdachten Annehmlichkeiten hat sich das GangShe Rooftop View Hotel I zu einem Favoriten f\u00fcr Alleinreisende, Paare, Familien und Gesch\u00e4ftsreisende gleicherma\u00dfen entwickelt. Doch was sagen die G\u00e4ste selbst? H\u00f6ren wir uns die Stimmen an, die am wichtigsten sind \u2013 ihre Bewertungen.<\/p><div class=\"py-2 my-3\"><hr \/><\/div><h3>\u2b50 <strong>Aufschl\u00fcsselung der G\u00e4stebewertungen: Was Reisende am meisten lieben<\/strong><\/h3><p>Basierend auf Tausenden von aktuellen Bewertungen bewerten G\u00e4ste ihren Aufenthalt wie folgt:<\/p><ul dir=\"auto\"><li><strong>Sauberkeit<\/strong>9,7\/10 \u2014 \u201cMakellose Zimmer\u201d, \u201cfrische Bettw\u00e4sche\u201d, \u201ctadellose Badezimmer\u201d.\u201d<\/li><li><strong>Service<\/strong>9,8\/10 \u2014 \u201cFreundliches, hilfsbereites Personal\u201d, \u201cSchneller Check-in\u201d, \u201cDer Butlerservice hat uns das Gef\u00fchl gegeben, etwas Besonderes zu sein.\u201d<\/li><li><strong>Standort<\/strong>9,7\/10 \u2014 \u201cNur wenige Schritte vom Elephant Trunk Hill entfernt\u201d, \u201cfu\u00dfl\u00e4ufig zur East-West Lane\u201d, \u201cperfekt f\u00fcr Sightseeing\u201d.\u201d<\/li><li><strong>Ausstattung<\/strong>9,6\/10 \u2014 \u201cDas Dachterrassenrestaurant war toll\u201d, \u201cdie Teeecke am Fenster\u201d, \u201cdie runden Badewannen waren ein Genuss\u201d.\u201d<\/li><\/ul><p>Mit <strong>99% G\u00e4ste haben ihrem Aufenthalt eine positive Bewertung gegeben<\/strong>, Es ist offensichtlich, dass dieses Hotel sein Versprechen einl\u00f6st: eine nahtlose Verbindung von modernem Komfort und lokalem Charme.<\/p><div class=\"py-2 my-3\"><hr \/><\/div><h3>\ud83c\udf04 <strong>\u201cDie Lage ist perfekt\u201d \u2013 Reisende schw\u00e4rmen von der N\u00e4he zu Guilins Top-Attraktionen<\/strong><\/h3><p>Eines der am h\u00e4ufigsten gelobten Dinge in den Rezensionen? Die unschlagbare Lage.<\/p><blockquote><p><em>\u201cDie Lage dieses Hotels ist fantastisch\u2026 mittendrin im Geschehen. Es ist perfekt, wenn man wenig Zeit hat und alle wichtigen Sehensw\u00fcrdigkeiten schnell besichtigen m\u00f6chte.\u201d<\/em> \u2014 Anonymer Nutzer, November 2025<\/p><\/blockquote><p>Nur <strong>160 Meter<\/strong> aus dem historischen <strong>Antike Stadtmauer von Jingjiang Wangcheng<\/strong>, <strong>210 Meter<\/strong> aus dem lebendigen <strong>Fu\u00dfg\u00e4ngerzone East-West Lane<\/strong>, und nur einen kurzen Spaziergang von <strong>Zhengyang Fu\u00dfg\u00e4ngerstra\u00dfe<\/strong> Und <strong>Seven Star Park<\/strong>, G\u00e4ste k\u00f6nnen das kulturelle Herz von Guilin erkunden, ohne jemals ein Taxi zu ben\u00f6tigen.<\/p><p>Viele Rezensenten heben hervor, wie praktisch es f\u00fcr fr\u00fchmorgendliche Besichtigungen oder sp\u00e4tabendliche Spazierg\u00e4nge ist:<\/p><blockquote><p><em>\u201cWir haben unseren Aufenthalt hier sehr genossen. Die Lage direkt an der Fu\u00dfg\u00e4ngerzone ist einfach super. Die Zimmer sind hell und ger\u00e4umig. Wir haben unsere kleine Teeecke am Fenster sehr genossen.\u201d<\/em> \u2014 Fernweh!, November 2025<\/p><\/blockquote><p>Trotz seiner erstklassigen Lage bemerken G\u00e4ste, dass das Hotel \u00fcberraschend ruhig ist:<\/p><blockquote><p><em>\u201cAbends war es zwar etwas lauter von der Stra\u00dfe unten, aber das war durchaus ertr\u00e4glich \u2013 und wir konnten gut schlafen.\u201d<\/em><\/p><\/blockquote><p>Profi-Tipp: Buchen Sie ein Zimmer auf der <strong>Obergeschosse<\/strong> f\u00fcr Panoramablicke auf die Stadt und die umliegenden H\u00fcgel \u2013 oder noch besser, reservieren Sie ein <strong>Premier Suite mit Bergblick<\/strong> f\u00fcr Ihr ganz privates St\u00fcck von Guilins nat\u00fcrlicher Sch\u00f6nheit.<\/p><div class=\"py-2 my-3\"><hr \/><\/div><h3>\ud83d\udecf\ufe0f <strong>\u201cGer\u00e4umig, sauber und stilvoll\u201d \u2013 Ein Zimmererlebnis, das die Erwartungen \u00fcbertrifft<\/strong><\/h3><p>Die G\u00e4ste loben durchweg die <strong>Ger\u00e4umigkeit, Sauberkeit und Design<\/strong> der Zimmer. Mit <strong>84 durchdacht gestaltete Unterk\u00fcnfte<\/strong>, Von gem\u00fctlichen Zimmern mit Queensize-Betten bis hin zu familienfreundlichen Themensuiten ist f\u00fcr jeden Reisenden etwas dabei.<\/p><p>Zu den Highlights geh\u00f6ren:<\/p><ul dir=\"auto\"><li><strong>Zimmer im japanischen Stil<\/strong> mit minimalistischer \u00c4sthetik und ruhiger Atmosph\u00e4re.<\/li><li><strong>Runde Badewannen<\/strong> in ausgew\u00e4hlten Suiten \u2013 perfekt zum Entspannen nach einem Tag voller Wanderungen oder Erkundungen.<\/li><li><strong>Teeecken am Fenster<\/strong>\u2014viele G\u00e4ste erw\u00e4hnen, dass sie den hoteleigenen Signature-Cocktail genossen haben. <strong>Ingwer-Dattel-Tee<\/strong> w\u00e4hrend des Sonnenuntergangs.<\/li><li><strong>Butlerservice<\/strong> In ausgew\u00e4hlten Kategorien verf\u00fcgbar f\u00fcr personalisierte Beratung.<\/li><li><strong>Kostenloses WLAN, Klimaanlage, K\u00fchlschr\u00e4nke und t\u00e4gliche Zimmerreinigung<\/strong> in jedem Zimmer.<\/li><\/ul><blockquote><p><em>\u201cDie Zimmer werden als ger\u00e4umig, sauber und komfortabel beschrieben, einige bieten eine sch\u00f6ne Aussicht und Annehmlichkeiten wie Teek\u00fcchen. Das Design und die Sauberkeit des Hotels werden h\u00e4ufig hervorgehoben und tragen zu einem angenehmen Aufenthalt bei.\u201d<\/em> \u2014 Zusammenfassung der KI-Bewertungen (basierend auf 4.126 Bewertungen)<\/p><\/blockquote><p>Einige G\u00e4ste bem\u00e4ngeln kleinere Dinge \u2013 wie zum Beispiel, dass die Zimmer nachts k\u00fchl werden \u2013 wissen es aber zu sch\u00e4tzen, dass <strong>Zus\u00e4tzliche Decken und Heizger\u00e4te sind auf Anfrage erh\u00e4ltlich.<\/strong>.<\/p><div class=\"py-2 my-3\"><hr \/><\/div><h3>\u2615 <strong>\u201cVerpassen Sie nicht den Ingwer-Dattel-Tee!\u201d \u2013 Kulinarische Gen\u00fcsse &amp; Dachterrassenblick<\/strong><\/h3><p>Das GangShe Rooftop View Hotel I ist zwar kein Spa oder Resort mit vollem Serviceangebot, bietet aber dennoch k\u00f6stliche kulinarische Erlebnisse, von denen die G\u00e4ste schw\u00e4rmen.<\/p><p>Das Hotel <strong>Dachrestaurant \u201cPu Shi \u00b7 Gui Bei Fusion Cuisine\u201d<\/strong> serviert ein k\u00f6stliches <strong>Fr\u00fchst\u00fccksbuffet<\/strong> (Westliche und chinesische Gerichte) und bietet lokal inspirierte Speisen mit atemberaubendem Blick auf die umliegende Landschaft.<\/p><p>Aber der wahre Star? Der <strong>kostenloser Ingwer-Dattel-Tee<\/strong> wurde in der Lobby serviert <strong>Teestube<\/strong>.<\/p><blockquote><p><em>\u201cProbieren Sie unbedingt den Ingwer-Dattel-Tee in der Lobby! Die Mitarbeiter an der Rezeption waren freundlich und hilfsbereit.\u201d<\/em> \u2014 Fernweh!, November 2025<\/p><\/blockquote><p>Die G\u00e4ste sch\u00e4tzen auch die <strong>Bibliothek<\/strong>, <strong>Serviceroboter<\/strong> f\u00fcr einen effizienten Zimmerservice und die <strong>Gratisgetr\u00e4nke<\/strong> wird in der Lobby angeboten \u2013 eine unerwartete Geste, die das Luxusgef\u00fchl verst\u00e4rkt.<\/p><div class=\"py-2 my-3\"><hr \/><\/div><h3>\ud83d\udc68\u200d\ud83d\udc69\u200d\ud83d\udc67\u200d\ud83d\udc66 <strong>Familienfreundliche Vorteile, die das Reisen erleichtern<\/strong><\/h3><p>Familien mit Kindern werden das GangShe Rooftop View Hotel I als besonders einladend empfinden:<\/p><ul dir=\"auto\"><li><strong>Familienzimmer im Cartoon-Stil<\/strong> mit Queensize- und Einzelbetten<\/li><li><strong>Kinderpantoffeln, Zahnb\u00fcrsten, Spielzeug, Brettspiele und B\u00fccher<\/strong><\/li><li><strong>Ruhige Nichtraucheretagen<\/strong> f\u00fcr erholsame N\u00e4chte<\/li><li><strong>Gep\u00e4ckaufbewahrung und kostenloses WLAN<\/strong> um Eltern stressfrei zu halten<\/li><\/ul><blockquote><p><em>\u201cEin wirklich tolles Hotel. Sehr sauber, stilvoll und freundliches Personal. Die Lage ist ideal, da sich Einkaufszentren in der Umgebung befinden und Lebensmittelgesch\u00e4fte und M\u00e4rkte direkt vor der T\u00fcr liegen.\u201d<\/em> \u2014 Gastnutzer, November 2025<\/p><\/blockquote><p>Eltern lieben besonders die <strong>Die g\u00fcnstige Lage, nur wenige Schritte von Restaurants, Caf\u00e9s und Gesch\u00e4ften entfernt zu sein, ist ein weiterer Pluspunkt.<\/strong>\u2014und macht so die Zubereitung von Mahlzeiten, Snacks und Souvenirs kinderleicht.<\/p><div class=\"py-2 my-3\"><hr \/><\/div><h3>\ud83d\udcbc <strong>Gesch\u00e4ftsreisende sind sich einig: Effizient, professionell und vernetzt.<\/strong><\/h3><p>F\u00fcr Gesch\u00e4ftsreisende punktet das Hotel mit seiner <strong>Professionelle Dienstleistungen und technisch versierte Einrichtung<\/strong>:<\/p><ul dir=\"auto\"><li><strong>Konferenz- und Multifunktionsr\u00e4ume<\/strong> F\u00fcr Besprechungen verf\u00fcgbar (gegen Aufpreis)<\/li><li><strong>Multimedia-Anzeigesysteme<\/strong> Und <strong>Sekretariatsdienste<\/strong><\/li><li><strong>24-Stunden-Rezeption<\/strong> mit englischsprachigem Personal<\/li><li><strong>Express-Check-in\/Check-out<\/strong> Und <strong>elektronisches Ausweisleseger\u00e4t<\/strong> f\u00fcr eine reibungslose Ankunft<\/li><li><strong>Priorisierter Flughafentransfer<\/strong> (gegen eine zus\u00e4tzliche Geb\u00fchr)<\/li><\/ul><blockquote><p><em>\u201cDie Mitarbeiter an der Rezeption waren freundlich und hilfsbereit\u2026 perfekt, wenn man wenig Zeit hat und alle wichtigen Sehensw\u00fcrdigkeiten schnell besichtigen m\u00f6chte.\u201d<\/em> \u2014 Anonymer Nutzer, November 2025<\/p><\/blockquote><p>Die G\u00e4ste loben au\u00dferdem <strong>zuverl\u00e4ssiges WLAN<\/strong>, <strong>ruhige Arbeitsbereiche<\/strong>, Und <strong>Gesch\u00e4ftszentrum<\/strong>\u2014was es leicht macht, produktiv zu bleiben, selbst wenn man von Guilins nat\u00fcrlicher Sch\u00f6nheit umgeben ist.<\/p><div class=\"py-2 my-3\"><hr \/><\/div><h3>\ud83e\uddf3 <strong>Praktische Tipps von echten G\u00e4sten<\/strong><\/h3><p>Damit Sie Ihren Aufenthalt optimal genie\u00dfen k\u00f6nnen, empfehlen fr\u00fchere G\u00e4ste Folgendes:<\/p><p>\u2705 <strong>Fr\u00fchzeitig buchen<\/strong> \u2014 insbesondere w\u00e4hrend der Hauptsaison (Fr\u00fchling und Herbst), da die Zimmer dann schnell ausgebucht sind.<br \/>\u2705 <strong>Bitten Sie um eine Unterkunft in einem h\u00f6heren Stockwerk.<\/strong> f\u00fcr ruhigere Zimmer und eine bessere Aussicht.<br \/>\u2705 <strong>Probieren Sie das Fr\u00fchst\u00fcck auf der Dachterrasse!<\/strong> \u2014 Daf\u00fcr lohnt es sich, fr\u00fch aufzustehen.<br \/>\u2705 <strong>Bringen Sie eine leichte Jacke mit.<\/strong> \u2014 Einige G\u00e4ste weisen darauf hin, dass die Zimmer nachts k\u00fchl werden k\u00f6nnen; zus\u00e4tzliche Decken sind vorhanden.<br \/>\u2705 <strong>Taxibestellungen k\u00f6nnen Sie an der Rezeption vornehmen.<\/strong> \u2014 Sie kennen die besten Routen und Preise.<br \/>\u2705 <strong>Fragen Sie nach Ohrst\u00f6pseln.<\/strong> Wenn Sie ger\u00e4uschempfindlich sind \u2013 in einigen Zimmern in Stra\u00dfenn\u00e4he k\u00f6nnen leichte Umgebungsger\u00e4usche auftreten.<\/p><div class=\"py-2 my-3\"><hr \/><\/div><h3>\ud83d\udcc8 <strong>Warum das GangShe Rooftop View Hotel I unter den Hotels in Guilin heraussticht<\/strong><\/h3><p>In einer Stadt voller Hotels, die um Aufmerksamkeit buhlen, sticht das GangShe Rooftop View Hotel I aus der Masse hervor \u2013 nicht weil es das gr\u00f6\u00dfte oder luxuri\u00f6seste ist, sondern weil es <strong>trifft die Details genau<\/strong>.<\/p><p>Es ist das <strong>perfekte Balance<\/strong> von:<\/p><ul dir=\"auto\"><li><strong>Standort<\/strong> \u2014 zu Fu\u00df zu Sehensw\u00fcrdigkeiten, Gesch\u00e4ften und Restaurants.<\/li><li><strong>Komfort<\/strong> \u2014 saubere, ger\u00e4umige und stilvolle Zimmer.<\/li><li><strong>Service<\/strong> \u2014 herzliches, hilfsbereites und aufmerksames Personal.<\/li><li><strong>Erfahrung<\/strong> \u2014 Ausblicke von der Dachterrasse, Teerituale und kulturelle Akzente.<\/li><\/ul><p>Ob Sie nun eine Bootsfahrt auf dem Li-Fluss unternehmen, durch den Sieben-Sterne-Park wandern oder einfach nur bei einer Tasse Tee mit Blick auf die Stadt entspannen m\u00f6chten \u2013 dieses Hotel bietet Ihnen nicht nur eine Unterkunft, sondern bereichert Ihre Reise.<\/p><div class=\"py-2 my-3\"><hr \/><\/div><h3>\u2705 Endg\u00fcltiges Urteil: Lohnt sich eine Buchung im GangShe Rooftop View Hotel?<\/h3><p>Absolut.<\/p><p>Mit seinem <strong>Bewertung: 9,7\/10<\/strong>, <strong>erstklassige Lage<\/strong>, <strong>durchdachte Annehmlichkeiten<\/strong>, Und <strong>au\u00dfergew\u00f6hnliche G\u00e4stezufriedenheit<\/strong>, Das GangShe Rooftop View Hotel I ist mehr als nur ein Ort zum Schlafen \u2013 hier beginnt Ihr Guilin-Abenteuer erst richtig.<\/p><p>Ein Gast brachte es perfekt auf den Punkt:<\/p><blockquote><p><em>\u201cIch kann dieses Hotel uneingeschr\u00e4nkt empfehlen. Super modern und gut gelegen.\u201d<\/em><\/p><\/blockquote><p>Also, worauf warten Sie noch? Buchen Sie noch heute Ihren Aufenthalt und entdecken Sie, warum so viele Reisende dieses versteckte Juwel im Bezirk Xiufeng als ihren Lieblingsort in Guilin bezeichnen.<\/p><div class=\"py-2 my-3\"><hr \/><\/div><p><strong>Bereit, die Magie zu erleben?<\/strong><br \/>\ud83d\udc49 <a href=\"https:\/\/www.trip.com\/hotels\/guilin-hotel-detail-2921527\/gangshe-rooftop-view-hotel-l\/?Allianceid=4590391&amp;SID=277205839&amp;trip_sub1=&amp;trip_sub3=D7176045\" target=\"_blank\" rel=\"nofollow noopener\">Verf\u00fcgbarkeit pr\u00fcfen &amp; jetzt buchen <\/a><br \/>\ud83d\udccd No.15 Jiefang East Road, Bezirk Xiufeng, Guilin, Guangxi, China<br \/>\ud83d\udcde +86-773-2817999<\/p><p data-spm-anchor-id=\"a2ty_o01.29997173.0.i44.2ca9c921hDpzAm\"><em>Die Preise beginnen bei etwa 98 USD pro Nacht. Die Preise variieren je nach Saison und Zimmertyp.<\/em><\/p>\t\t\t\t\t\t\t\t<\/div>\n\t\t\t\t\t<\/div>\n\t\t\t\t<\/div>\n\t\t\t\t<section class=\"elementor-section elementor-top-section elementor-element elementor-element-136646f6 elementor-section-stretched elementor-section-boxed elementor-section-gap-beside-yes elementor-section-height-default elementor-section-height-default elementor-section-column-vertical-align-stretch\" data-id=\"136646f6\" data-element_type=\"section\" data-e-type=\"section\" data-settings=\"{&quot;background_background&quot;:&quot;classic&quot;,&quot;stretch_section&quot;:&quot;section-stretched&quot;}\">\n\t\t\t\t\t\t<div class=\"elementor-container elementor-column-gap-extended\">\n\t\t\t\t\t<div class=\"elementor-column elementor-col-100 elementor-top-column elementor-element elementor-element-2126a8de\" data-id=\"2126a8de\" data-element_type=\"column\" data-e-type=\"column\">\n\t\t\t<div class=\"elementor-widget-wrap elementor-element-populated\">\n\t\t\t\t\t\t<div class=\"elementor-element elementor-element-38d529be elementor-widget elementor-widget-nuss-heading\" data-id=\"38d529be\" data-element_type=\"widget\" data-e-type=\"widget\" data-widget_type=\"nuss-heading.default\">\n\t\t\t\t<div class=\"elementor-widget-container\">\n\t\t\t\t\t\t\t<div class=\"nuss-modern-heading\">\r\n\t\t\t\t\t\t<div class=\"heading-secondary-wrap\">\r\n\t\t\t\t<h3 class=\"heading-secondary elementor-heading-title\">Verf\u00fcgbarkeit pr\u00fcfen <\/h3>\t\t\t<\/div>\r\n\t\t\r\n\t\t\t\r\n\t\t\t\r\n\t\t\t\t\t<\/div>\r\n\t\t\t\t\t<\/div>\n\t\t\t\t<\/div>\n\t\t\t\t<div class=\"elementor-element elementor-element-456610d7 elementor-widget elementor-widget-text-editor\" data-id=\"456610d7\" data-element_type=\"widget\" data-e-type=\"widget\" data-widget_type=\"text-editor.default\">\n\t\t\t\t\t\t\t\t\t<iframe border=\"0\" src=\"https:\/\/www.trip.com\/partners\/ad\/S7130629?Allianceid=4590391&#038;SID=277205839&#038;trip_sub1=\" style=\"width:1200px;height:150px\" frameborder=\"0\" scrolling=\"no\" id=\"S7130629\"><\/iframe>\t\t\t\t\t\t\t\t<\/div>\n\t\t\t\t\t<\/div>\n\t\t<\/div>\n\t\t\t\t\t<\/div>\n\t\t<\/section>\n\t\t\t\t<\/div>","protected":false},"excerpt":{"rendered":"<p>GangShe Rooftop View Hotel I \u2013 Real Guest Experiences &amp; Reviews: Why Travelers Rate This Guilin Gem 9.7\/10 When choosing a hotel in Guilin\u2014a city celebrated for its misty karst peaks, serene rivers, and ancient alleyways\u2014guests don\u2019t just want comfort. They crave authenticity, convenience, and unforgettable moments. At GangShe Rooftop View Hotel I (Guilin Two [&hellip;]<\/p>\n","protected":false},"author":1,"featured_media":0,"parent":0,"menu_order":0,"comment_status":"closed","ping_status":"closed","template":"","meta":{"footnotes":""},"class_list":["post-2106","page","type-page","status-publish","hentry","post-no-thumbnail"],"_links":{"self":[{"href":"https:\/\/gangsherooftopviewhotel.com\/de\/wp-json\/wp\/v2\/pages\/2106","targetHints":{"allow":["GET"]}}],"collection":[{"href":"https:\/\/gangsherooftopviewhotel.com\/de\/wp-json\/wp\/v2\/pages"}],"about":[{"href":"https:\/\/gangsherooftopviewhotel.com\/de\/wp-json\/wp\/v2\/types\/page"}],"author":[{"embeddable":true,"href":"https:\/\/gangsherooftopviewhotel.com\/de\/wp-json\/wp\/v2\/users\/1"}],"replies":[{"embeddable":true,"href":"https:\/\/gangsherooftopviewhotel.com\/de\/wp-json\/wp\/v2\/comments?post=2106"}],"version-history":[{"count":0,"href":"https:\/\/gangsherooftopviewhotel.com\/de\/wp-json\/wp\/v2\/pages\/2106\/revisions"}],"wp:attachment":[{"href":"https:\/\/gangsherooftopviewhotel.com\/de\/wp-json\/wp\/v2\/media?parent=2106"}],"curies":[{"name":"wp","href":"https:\/\/api.w.org\/{rel}","templated":true}]}}