{"id":5266,"date":"2021-07-18T08:03:35","date_gmt":"2021-07-18T08:03:35","guid":{"rendered":"https:\/\/nuss.uxper.co\/luxury-resort\/?page_id=5266"},"modified":"2025-11-22T05:13:23","modified_gmt":"2025-11-22T05:13:23","slug":"uber-uns","status":"publish","type":"page","link":"https:\/\/gangsherooftopviewhotel.com\/de\/uber-uns\/","title":{"rendered":"\u00dcber uns"},"content":{"rendered":"<div data-elementor-type=\"wp-page\" data-elementor-id=\"5266\" class=\"elementor elementor-5266\">\n\t\t\t\t\t\t<section class=\"elementor-section elementor-top-section elementor-element elementor-element-10416953 elementor-section-boxed elementor-section-gap-beside-yes elementor-section-height-default elementor-section-height-default elementor-section-column-vertical-align-stretch\" data-id=\"10416953\" data-element_type=\"section\" data-e-type=\"section\">\n\t\t\t\t\t\t<div class=\"elementor-container elementor-column-gap-extended\">\n\t\t\t\t\t<div class=\"elementor-column elementor-col-100 elementor-top-column elementor-element elementor-element-29c6aa8\" data-id=\"29c6aa8\" data-element_type=\"column\" data-e-type=\"column\">\n\t\t\t<div class=\"elementor-widget-wrap elementor-element-populated\">\n\t\t\t\t\t\t<div class=\"elementor-element elementor-element-7be18fe7 elementor-widget__width-initial elementor-invisible elementor-widget elementor-widget-text-editor\" data-id=\"7be18fe7\" data-element_type=\"widget\" data-e-type=\"widget\" data-settings=\"{&quot;_animation&quot;:&quot;nussFadeInUp&quot;}\" data-widget_type=\"text-editor.default\">\n\t\t\t\t\t\t\t\t\t<div class=\"svelte-1c06zsf\" data-lang-code=\"\"><p><strong data-spm-anchor-id=\"a2ty_o01.29997173.0.i26.2ca9c921hDpzAm\">GangShe Rooftop View Hotel I \u2013 Ihr erstklassiges Tor zu Guilins ikonischen Landschaften und urbanem Charme<\/strong><\/p><\/div>\t\t\t\t\t\t\t\t<\/div>\n\t\t\t\t\t<\/div>\n\t\t<\/div>\n\t\t\t\t\t<\/div>\n\t\t<\/section>\n\t\t\t\t<section class=\"elementor-section elementor-top-section elementor-element elementor-element-7d18327f elementor-section-boxed elementor-section-gap-beside-yes elementor-section-height-default elementor-section-height-default elementor-section-column-vertical-align-stretch\" data-id=\"7d18327f\" data-element_type=\"section\" data-e-type=\"section\">\n\t\t\t\t\t\t<div class=\"elementor-container elementor-column-gap-extended\">\n\t\t\t\t\t<div class=\"elementor-column elementor-col-50 elementor-top-column elementor-element elementor-element-56533670\" data-id=\"56533670\" data-element_type=\"column\" data-e-type=\"column\">\n\t\t\t<div class=\"elementor-widget-wrap elementor-element-populated\">\n\t\t\t\t\t\t<div class=\"elementor-element elementor-element-19c3f543 elementor-drop-cap-yes elementor-drop-cap-view-default elementor-invisible elementor-widget elementor-widget-text-editor\" data-id=\"19c3f543\" data-element_type=\"widget\" data-e-type=\"widget\" data-settings=\"{&quot;_animation&quot;:&quot;nussFadeInUp&quot;,&quot;drop_cap&quot;:&quot;yes&quot;}\" data-widget_type=\"text-editor.default\">\n\t\t\t\t\t\t\t\t\t<p data-spm-anchor-id=\"a2ty_o01.29997173.0.i28.2ca9c921hDpzAm\">Entdecken Sie die perfekte Mischung aus ruhigem Komfort und strategischer Bequemlichkeit bei <strong>GangShe Rooftop View Hotel I (Guilin Two Rivers and Four Lakes Elephant Trunk Hill)<\/strong>, ein herausragendes 4-Sterne-Boutique-Hotel im pulsierenden Herzen des Bezirks Xiufeng. Gelegen in <strong>Jiefang Oststra\u00dfe Nr. 15<\/strong>, Dieses moderne Refugium liegt nur wenige Schritte von Guilins wertvollsten Sehensw\u00fcrdigkeiten entfernt \u2013 darunter die legend\u00e4re <strong>Elefantenr\u00fcsselh\u00fcgel<\/strong>, das schimmernde Wasser des <strong>Zwei Fl\u00fcsse und vier Seen<\/strong>, und die historische <strong>Antike Stadtmauer von Jingjiang Wangcheng<\/strong>.<\/p>\t\t\t\t\t\t\t\t<\/div>\n\t\t\t\t\t<\/div>\n\t\t<\/div>\n\t\t\t\t<div class=\"elementor-column elementor-col-50 elementor-top-column elementor-element elementor-element-30f14127\" data-id=\"30f14127\" data-element_type=\"column\" data-e-type=\"column\">\n\t\t\t<div class=\"elementor-widget-wrap elementor-element-populated\">\n\t\t\t\t\t\t<div class=\"elementor-element elementor-element-59aea08 elementor-widget elementor-widget-image\" data-id=\"59aea08\" data-element_type=\"widget\" data-e-type=\"widget\" data-widget_type=\"image.default\">\n\t\t\t\t\t\t\t\t\t\t\t\t\t\t\t<img fetchpriority=\"high\" decoding=\"async\" width=\"1024\" height=\"767\" src=\"https:\/\/gangsherooftopviewhotel.com\/wp-content\/uploads\/2025\/11\/GangShe-Rooftop-View-Hotel-87-1024x767.webp\" class=\"attachment-large size-large wp-image-7269\" alt=\"\" srcset=\"https:\/\/gangsherooftopviewhotel.com\/wp-content\/uploads\/2025\/11\/GangShe-Rooftop-View-Hotel-87-1024x767.webp 1024w, https:\/\/gangsherooftopviewhotel.com\/wp-content\/uploads\/2025\/11\/GangShe-Rooftop-View-Hotel-87-300x225.webp 300w, https:\/\/gangsherooftopviewhotel.com\/wp-content\/uploads\/2025\/11\/GangShe-Rooftop-View-Hotel-87-768x575.webp 768w, https:\/\/gangsherooftopviewhotel.com\/wp-content\/uploads\/2025\/11\/GangShe-Rooftop-View-Hotel-87-16x12.webp 16w, https:\/\/gangsherooftopviewhotel.com\/wp-content\/uploads\/2025\/11\/GangShe-Rooftop-View-Hotel-87.webp 1139w\" sizes=\"(max-width: 1024px) 100vw, 1024px\" \/>\t\t\t\t\t\t\t\t\t\t\t\t\t\t\t<\/div>\n\t\t\t\t\t<\/div>\n\t\t<\/div>\n\t\t\t\t\t<\/div>\n\t\t<\/section>\n\t\t\t\t<section class=\"elementor-section elementor-top-section elementor-element elementor-element-29fb8578 elementor-section-height-min-height elementor-section-stretched elementor-section-full_width elementor-section-items-stretch elementor-section-height-default elementor-section-column-vertical-align-stretch\" data-id=\"29fb8578\" data-element_type=\"section\" data-e-type=\"section\" data-settings=\"{&quot;stretch_section&quot;:&quot;section-stretched&quot;}\">\n\t\t\t\t\t\t<div class=\"elementor-container elementor-column-gap-no\">\n\t\t\t\t\t<div class=\"elementor-column elementor-col-50 elementor-top-column elementor-element elementor-element-40ac270b\" data-id=\"40ac270b\" data-element_type=\"column\" data-e-type=\"column\">\n\t\t\t<div class=\"elementor-widget-wrap elementor-element-populated\">\n\t\t\t\t\t\t<div class=\"elementor-element elementor-element-b29c057 elementor-widget elementor-widget-image\" data-id=\"b29c057\" data-element_type=\"widget\" data-e-type=\"widget\" data-widget_type=\"image.default\">\n\t\t\t\t\t\t\t\t\t\t\t\t\t\t\t<img decoding=\"async\" width=\"1024\" height=\"682\" src=\"https:\/\/gangsherooftopviewhotel.com\/wp-content\/uploads\/2025\/11\/GangShe-Rooftop-View-Hotel-105-1024x682.webp\" class=\"attachment-large size-large wp-image-7287\" alt=\"\" srcset=\"https:\/\/gangsherooftopviewhotel.com\/wp-content\/uploads\/2025\/11\/GangShe-Rooftop-View-Hotel-105-1024x682.webp 1024w, https:\/\/gangsherooftopviewhotel.com\/wp-content\/uploads\/2025\/11\/GangShe-Rooftop-View-Hotel-105-300x200.webp 300w, https:\/\/gangsherooftopviewhotel.com\/wp-content\/uploads\/2025\/11\/GangShe-Rooftop-View-Hotel-105-768x512.webp 768w, https:\/\/gangsherooftopviewhotel.com\/wp-content\/uploads\/2025\/11\/GangShe-Rooftop-View-Hotel-105-18x12.webp 18w, https:\/\/gangsherooftopviewhotel.com\/wp-content\/uploads\/2025\/11\/GangShe-Rooftop-View-Hotel-105.webp 1280w\" sizes=\"(max-width: 1024px) 100vw, 1024px\" \/>\t\t\t\t\t\t\t\t\t\t\t\t\t\t\t<\/div>\n\t\t\t\t\t<\/div>\n\t\t<\/div>\n\t\t\t\t<div class=\"elementor-column elementor-col-50 elementor-top-column elementor-element elementor-element-2dac103\" data-id=\"2dac103\" data-element_type=\"column\" data-e-type=\"column\">\n\t\t\t<div class=\"elementor-widget-wrap elementor-element-populated\">\n\t\t\t\t\t\t<div class=\"elementor-element elementor-element-6f1b8966 elementor-invisible elementor-widget elementor-widget-text-editor\" data-id=\"6f1b8966\" data-element_type=\"widget\" data-e-type=\"widget\" data-settings=\"{&quot;_animation&quot;:&quot;nussFadeInUp&quot;}\" data-widget_type=\"text-editor.default\">\n\t\t\t\t\t\t\t\t\t<p data-spm-anchor-id=\"a2ty_o01.29997173.0.i30.2ca9c921hDpzAm\">Mit au\u00dfergew\u00f6hnlichen <strong>9,7\/10 G\u00e4stebewertung<\/strong> Basierend auf \u00fcber 11.600 Bewertungen wird das GangShe Rooftop View Hotel I immer wieder f\u00fcr seine makellose Sauberkeit, herzliche Gastfreundschaft und die durchdacht gestalteten R\u00e4umlichkeiten gelobt. Ob Sie einen romantischen Kurzurlaub, einen Familienurlaub oder eine Gesch\u00e4ftsreise mit malerischen Pausen planen \u2013 dieses Hotel bietet ein unschlagbares Preis-Leistungs-Verh\u00e4ltnis und unvergessliche Erlebnisse.<\/p><h3>Unschlagbare Lage: Guilins Top-Sehensw\u00fcrdigkeiten sind fu\u00dfl\u00e4ufig erreichbar.<\/h3><p>Vergessen Sie lange Anfahrtswege \u2013 dieses Hotel liegt im Herzen von Guilins kulturellen und nat\u00fcrlichen Sehensw\u00fcrdigkeiten. <strong>160 Meter<\/strong> Abseits davon liegt die alte Stadtmauer von Jingjiang Wangcheng, w\u00e4hrend <strong>210 Meter<\/strong> Sie gelangen so in die lebhafte Fu\u00dfg\u00e4ngerzone East-West Lane, die mit lokalen Spezialit\u00e4ten, Souvenirs und traditionellem Kunsthandwerk lockt. Das ikonische <strong>Zhengyang Fu\u00dfg\u00e4ngerstra\u00dfe<\/strong> Und <strong>Seven Star Park<\/strong> sind zudem bequem zu Fu\u00df erreichbar, was die Erkundung m\u00fchelos macht. <strong>Der Bahnhof Guilin ist nur 3,7 km entfernt<\/strong> Und <strong>Der internationale Flughafen Liangjiang ist nur 31 km entfernt.<\/strong>, Das Erreichen Ihres Ziels \u2013 oder der Aufbruch zu Erkundungstouren \u2013 verl\u00e4uft reibungslos.<\/p><h3>Stilvolle Zimmer f\u00fcr Komfort und malerische Ausblicke<\/h3><p>W\u00e4hlen Sie aus <strong>84 elegant eingerichtete Zimmer und Suiten<\/strong>, Jedes Hotel bietet eine einzigartige Mischung aus modernen Annehmlichkeiten und kulturellen Elementen. G\u00e4ste k\u00f6nnen sich verw\u00f6hnen lassen von:<\/p><ul dir=\"auto\"><li><strong>Zimmer im japanischen Stil<\/strong> mit minimalistischer \u00c4sthetik und ruhiger Atmosph\u00e4re.<\/li><li><strong>Suiten mit Bergblick<\/strong> mit raumhohen Fenstern, die den Blick auf Guilins ber\u00fchmte Karstgipfel freigeben.<\/li><li><strong>Familienfreundliche Themenzimmer<\/strong> komplett mit Spielzeug, Kinderpantoffeln und verspielter Dekoration f\u00fcr j\u00fcngere Reisende.<\/li><li><strong>Runde Badewannen<\/strong> und gem\u00fctliche Teeecken in ausgew\u00e4hlten Zimmern f\u00fcr ultimative Entspannung.<\/li><\/ul><p data-spm-anchor-id=\"a2ty_o01.29997173.0.i32.2ca9c921hDpzAm\">Alle Unterk\u00fcnfte verf\u00fcgen \u00fcber kostenfreies WLAN, Klimaanlage, ein eigenes Bad, einen K\u00fchlschrank und t\u00e4gliche Zimmerreinigung. Viele Zimmer bieten zudem einen Butlerservice, der Ihnen w\u00e4hrend Ihres gesamten Aufenthalts pers\u00f6nliche Betreuung garantiert.<\/p>\t\t\t\t\t\t\t\t<\/div>\n\t\t\t\t\t<\/div>\n\t\t<\/div>\n\t\t\t\t\t<\/div>\n\t\t<\/section>\n\t\t\t\t<section class=\"elementor-section elementor-top-section elementor-element elementor-element-2651260 elementor-section-height-min-height elementor-section-stretched elementor-section-full_width elementor-section-items-stretch elementor-section-height-default elementor-section-column-vertical-align-stretch\" data-id=\"2651260\" data-element_type=\"section\" data-e-type=\"section\" data-settings=\"{&quot;stretch_section&quot;:&quot;section-stretched&quot;}\">\n\t\t\t\t\t\t<div class=\"elementor-container elementor-column-gap-no\">\n\t\t\t\t\t<div class=\"elementor-column elementor-col-50 elementor-top-column elementor-element elementor-element-534b5b3\" data-id=\"534b5b3\" data-element_type=\"column\" data-e-type=\"column\">\n\t\t\t<div class=\"elementor-widget-wrap elementor-element-populated\">\n\t\t\t\t\t\t<div class=\"elementor-element elementor-element-826d6cf elementor-invisible elementor-widget elementor-widget-text-editor\" data-id=\"826d6cf\" data-element_type=\"widget\" data-e-type=\"widget\" data-settings=\"{&quot;_animation&quot;:&quot;nussFadeInUp&quot;}\" data-widget_type=\"text-editor.default\">\n\t\t\t\t\t\t\t\t\t<h3 data-spm-anchor-id=\"a2ty_o01.29997173.0.i33.2ca9c921hDpzAm\">Kulinarische Exzellenz vor atemberaubender Panoramakulisse<\/h3><p>Speisen Sie wie K\u00f6nige im <strong>\u201cPu Shi \u00b7 Gui Bei Fusionsk\u00fcche\u201d<\/strong>, Das hoteleigene Dachterrassenrestaurant bietet Ihnen die perfekte Kulisse, um regionale Zutaten mit moderner chinesischer Kochkunst zu verw\u00f6hnen \u2013 vor der atemberaubenden Kulisse der Skyline und der Wasserwege von Guilin. Beginnen Sie Ihren Tag mit einem reichhaltigen Fr\u00fchst\u00fccksbuffet (westliche und chinesische Gerichte) oder genie\u00dfen Sie die ber\u00fchmten K\u00f6stlichkeiten des Hotels. <strong>Ingwer-Dattel-Tee<\/strong> im ruhigen Teeraum der Lobby \u2013 ein wohltuendes Ritual, von dem die G\u00e4ste schw\u00e4rmen.<\/p><h3>Premium-Services, ma\u00dfgeschneidert auf Ihre Bed\u00fcrfnisse<\/h3><p>Vom ersten Moment Ihrer Ankunft an sorgt das GangShe Rooftop View Hotel I mit einer Reihe durchdachter Serviceleistungen f\u00fcr Ihren Komfort:<\/p><ul dir=\"auto\"><li><strong>24-Stunden-Rezeption<\/strong> mit mehrsprachigem Personal (Englisch und Mandarin).<\/li><li><strong>Kostenlose Gep\u00e4ckaufbewahrung<\/strong> Und <strong>kostenlose \u00f6ffentliche Parkpl\u00e4tze<\/strong> nahe.<\/li><li><strong>Priorisierter Flughafentransfer<\/strong> (zus\u00e4tzliche Geb\u00fchr) und <strong>Hilfe bei der Taxibuchung<\/strong>.<\/li><li><strong>Bibliothek, Teestube und Koordination von Wandertouren<\/strong> F\u00fcr Naturliebhaber.<\/li><li><strong>W\u00e4scheservice, B\u00fcgeln und chemische Reinigung<\/strong> \u2014 alles vor Ort oder extern verf\u00fcgbar.<\/li><li><strong>Familienfreundliche Vorteile<\/strong>: Kinderzahnb\u00fcrsten, Brettspiele und Bilderb\u00fccher.<\/li><li><strong>Gesch\u00e4ftseinrichtungen<\/strong>: Konferenzr\u00e4ume, Sekretariatsdienste und Multimediasysteme f\u00fcr Firmenkunden.<\/li><\/ul><p data-spm-anchor-id=\"a2ty_o01.29997173.0.i34.2ca9c921hDpzAm\">Die G\u00e4ste sch\u00e4tzen besonders die <strong>kostenlose Ohrst\u00f6psel<\/strong> f\u00fcr ger\u00e4uschempfindliche Schl\u00e4fer und die <strong>zus\u00e4tzliche Decken\/Heizger\u00e4te<\/strong> In den k\u00fchleren Monaten auf Anfrage erh\u00e4ltlich.<\/p>\t\t\t\t\t\t\t\t<\/div>\n\t\t\t\t\t<\/div>\n\t\t<\/div>\n\t\t\t\t<div class=\"elementor-column elementor-col-50 elementor-top-column elementor-element elementor-element-d6fd6ee\" data-id=\"d6fd6ee\" data-element_type=\"column\" data-e-type=\"column\">\n\t\t\t<div class=\"elementor-widget-wrap elementor-element-populated\">\n\t\t\t\t\t\t<div class=\"elementor-element elementor-element-ab11ced elementor-widget elementor-widget-image\" data-id=\"ab11ced\" data-element_type=\"widget\" data-e-type=\"widget\" data-widget_type=\"image.default\">\n\t\t\t\t\t\t\t\t\t\t\t\t\t\t\t<img decoding=\"async\" width=\"1024\" height=\"638\" src=\"https:\/\/gangsherooftopviewhotel.com\/wp-content\/uploads\/2025\/11\/GangShe-Rooftop-View-Hotel-79-1024x638.webp\" class=\"attachment-large size-large wp-image-7261\" alt=\"\" srcset=\"https:\/\/gangsherooftopviewhotel.com\/wp-content\/uploads\/2025\/11\/GangShe-Rooftop-View-Hotel-79-1024x638.webp 1024w, https:\/\/gangsherooftopviewhotel.com\/wp-content\/uploads\/2025\/11\/GangShe-Rooftop-View-Hotel-79-300x187.webp 300w, https:\/\/gangsherooftopviewhotel.com\/wp-content\/uploads\/2025\/11\/GangShe-Rooftop-View-Hotel-79-768x478.webp 768w, https:\/\/gangsherooftopviewhotel.com\/wp-content\/uploads\/2025\/11\/GangShe-Rooftop-View-Hotel-79-18x12.webp 18w, https:\/\/gangsherooftopviewhotel.com\/wp-content\/uploads\/2025\/11\/GangShe-Rooftop-View-Hotel-79.webp 1280w\" sizes=\"(max-width: 1024px) 100vw, 1024px\" \/>\t\t\t\t\t\t\t\t\t\t\t\t\t\t\t<\/div>\n\t\t\t\t\t<\/div>\n\t\t<\/div>\n\t\t\t\t\t<\/div>\n\t\t<\/section>\n\t\t\t\t<section class=\"elementor-section elementor-top-section elementor-element elementor-element-4d5a228 elementor-section-height-min-height elementor-section-stretched elementor-section-full_width elementor-section-items-stretch elementor-section-height-default elementor-section-column-vertical-align-stretch\" data-id=\"4d5a228\" data-element_type=\"section\" data-e-type=\"section\" data-settings=\"{&quot;stretch_section&quot;:&quot;section-stretched&quot;}\">\n\t\t\t\t\t\t<div class=\"elementor-container elementor-column-gap-no\">\n\t\t\t\t\t<div class=\"elementor-column elementor-col-50 elementor-top-column elementor-element elementor-element-ba59428\" data-id=\"ba59428\" data-element_type=\"column\" data-e-type=\"column\">\n\t\t\t<div class=\"elementor-widget-wrap elementor-element-populated\">\n\t\t\t\t\t\t<div class=\"elementor-element elementor-element-fd1cd9f elementor-widget elementor-widget-image\" data-id=\"fd1cd9f\" data-element_type=\"widget\" data-e-type=\"widget\" data-widget_type=\"image.default\">\n\t\t\t\t\t\t\t\t\t\t\t\t\t\t\t<img loading=\"lazy\" decoding=\"async\" width=\"1024\" height=\"682\" src=\"https:\/\/gangsherooftopviewhotel.com\/wp-content\/uploads\/2025\/11\/GangShe-Rooftop-View-Hotel-57-1024x682.webp\" class=\"attachment-large size-large wp-image-7239\" alt=\"\" srcset=\"https:\/\/gangsherooftopviewhotel.com\/wp-content\/uploads\/2025\/11\/GangShe-Rooftop-View-Hotel-57-1024x682.webp 1024w, https:\/\/gangsherooftopviewhotel.com\/wp-content\/uploads\/2025\/11\/GangShe-Rooftop-View-Hotel-57-300x200.webp 300w, https:\/\/gangsherooftopviewhotel.com\/wp-content\/uploads\/2025\/11\/GangShe-Rooftop-View-Hotel-57-768x512.webp 768w, https:\/\/gangsherooftopviewhotel.com\/wp-content\/uploads\/2025\/11\/GangShe-Rooftop-View-Hotel-57-18x12.webp 18w, https:\/\/gangsherooftopviewhotel.com\/wp-content\/uploads\/2025\/11\/GangShe-Rooftop-View-Hotel-57.webp 1280w\" sizes=\"(max-width: 1024px) 100vw, 1024px\" \/>\t\t\t\t\t\t\t\t\t\t\t\t\t\t\t<\/div>\n\t\t\t\t\t<\/div>\n\t\t<\/div>\n\t\t\t\t<div class=\"elementor-column elementor-col-50 elementor-top-column elementor-element elementor-element-3c0ff58\" data-id=\"3c0ff58\" data-element_type=\"column\" data-e-type=\"column\">\n\t\t\t<div class=\"elementor-widget-wrap elementor-element-populated\">\n\t\t\t\t\t\t<div class=\"elementor-element elementor-element-2e14ce1 elementor-invisible elementor-widget elementor-widget-text-editor\" data-id=\"2e14ce1\" data-element_type=\"widget\" data-e-type=\"widget\" data-settings=\"{&quot;_animation&quot;:&quot;nussFadeInUp&quot;}\" data-widget_type=\"text-editor.default\">\n\t\t\t\t\t\t\t\t\t<h3>Ideal f\u00fcr jeden Reisenden: Familien, Paare und Gesch\u00e4ftsreisende<\/h3><p>Dank seiner zentralen Lage, der ger\u00e4umigen Zimmer und des hervorragenden Services hat sich das GangShe Rooftop View Hotel I zu einem beliebten Hotel f\u00fcr Familien entwickelt, die Komfort und Charme suchen. Alleinreisende und Paare genie\u00dfen den romantischen Ausblick von der Dachterrasse und entspannte Momente bei einer Tasse Tee, w\u00e4hrend Gesch\u00e4ftsreisende von zuverl\u00e4ssigem WLAN, Tagungsr\u00e4umen und der N\u00e4he zu Verkehrsknotenpunkten profitieren.<\/p><h3>Was Reisende sagen<\/h3><blockquote><p><em>\u201cEin wirklich tolles Hotel. Sehr sauber, stilvoll und freundliches Personal. Die Lage ist ideal, da sich Einkaufszentren in der Umgebung befinden und Lebensmittelgesch\u00e4fte und M\u00e4rkte direkt vor der T\u00fcr liegen.\u201d<\/em> \u2014 Gastnutzer, November 2025<\/p><\/blockquote><blockquote><p><em>\u201cWir haben unseren Aufenthalt hier sehr genossen. Die Lage ist so praktisch\u2026 Wir haben unsere kleine Teeecke am Fenster sehr genossen. Die Mitarbeiter an der Rezeption waren freundlich und hilfsbereit.\u201d<\/em> \u2014 Fernweh!, November 2025<\/p><\/blockquote><blockquote><p><em>\u201cDie Lage dieses Hotels ist fantastisch\u2026 mittendrin im Geschehen. Beachten Sie nur, dass es keinen separaten Vorfahrtsbereich f\u00fcr die Ankunft gibt.\u201d<\/em> \u2014 Anonymer Nutzer, November 2025<\/p><\/blockquote><h3>Buchen Sie noch heute Ihren Aufenthalt!<\/h3><p>Ob Sie nun die neblige Sch\u00f6nheit des Li-Flusses aufsuchen, durch uralte Gassen schlendern oder einfach nur bei einer Tasse Ingwertee unter dem Sternenhimmel entspannen, <strong>GangShe Rooftop View Hotel I<\/strong> bietet mehr als nur Unterkunft \u2013 es bietet ein Eintauchen in die Seele von Guilin. Mit wettbewerbsf\u00e4higen Preisen ab ca. <strong>98 US-Dollar pro Nacht<\/strong>, Dank au\u00dfergew\u00f6hnlichem Service und einer Lage, die Sie mitten ins Geschehen versetzt, ist dies nicht nur ein Ort zum Ausruhen \u2013 hier beginnt Ihre Reise durch Guilin erst richtig.<\/p><p data-spm-anchor-id=\"a2ty_o01.29997173.0.i35.2ca9c921hDpzAm\"><strong>Buchen Sie jetzt und erleben Sie selbst, warum Reisende das GangShe Rooftop View Hotel I zu einem der besten 4-Sterne-Hotels in Guilin z\u00e4hlen.<\/strong><\/p>\t\t\t\t\t\t\t\t<\/div>\n\t\t\t\t\t<\/div>\n\t\t<\/div>\n\t\t\t\t\t<\/div>\n\t\t<\/section>\n\t\t\t\t<section class=\"elementor-section elementor-top-section elementor-element elementor-element-2092b7d0 elementor-section-stretched elementor-section-boxed elementor-section-gap-beside-yes elementor-section-height-default elementor-section-height-default elementor-section-column-vertical-align-stretch\" data-id=\"2092b7d0\" data-element_type=\"section\" data-e-type=\"section\" data-settings=\"{&quot;background_background&quot;:&quot;classic&quot;,&quot;stretch_section&quot;:&quot;section-stretched&quot;}\">\n\t\t\t\t\t\t<div class=\"elementor-container elementor-column-gap-extended\">\n\t\t\t\t\t<div class=\"elementor-column elementor-col-100 elementor-top-column elementor-element elementor-element-be69d75\" data-id=\"be69d75\" data-element_type=\"column\" data-e-type=\"column\">\n\t\t\t<div class=\"elementor-widget-wrap elementor-element-populated\">\n\t\t\t\t\t\t<div class=\"elementor-element elementor-element-320c022 elementor-widget elementor-widget-nuss-heading\" data-id=\"320c022\" data-element_type=\"widget\" data-e-type=\"widget\" data-widget_type=\"nuss-heading.default\">\n\t\t\t\t<div class=\"elementor-widget-container\">\n\t\t\t\t\t\t\t<div class=\"nuss-modern-heading\">\r\n\t\t\t\t\t\t<div class=\"heading-secondary-wrap\">\r\n\t\t\t\t<h3 class=\"heading-secondary elementor-heading-title\">Verf\u00fcgbarkeit pr\u00fcfen <\/h3>\t\t\t<\/div>\r\n\t\t\r\n\t\t\t\r\n\t\t\t\r\n\t\t\t\t\t<\/div>\r\n\t\t\t\t\t<\/div>\n\t\t\t\t<\/div>\n\t\t\t\t<div class=\"elementor-element elementor-element-fe69a93 elementor-widget elementor-widget-text-editor\" data-id=\"fe69a93\" data-element_type=\"widget\" data-e-type=\"widget\" data-widget_type=\"text-editor.default\">\n\t\t\t\t\t\t\t\t\t<iframe border=\"0\" src=\"https:\/\/www.trip.com\/partners\/ad\/S7130629?Allianceid=4590391&#038;SID=277205839&#038;trip_sub1=\" style=\"width:1200px;height:150px\" frameborder=\"0\" scrolling=\"no\" id=\"S7130629\"><\/iframe>\t\t\t\t\t\t\t\t<\/div>\n\t\t\t\t\t<\/div>\n\t\t<\/div>\n\t\t\t\t\t<\/div>\n\t\t<\/section>\n\t\t\t\t<\/div>","protected":false},"excerpt":{"rendered":"<p>GangShe Rooftop View Hotel I \u2013 Your Premium Gateway to Guilin\u2019s Iconic Landscapes &amp; Urban Charm Discover the perfect blend of serene comfort and strategic convenience at GangShe Rooftop View Hotel I (Guilin Two Rivers and Four Lakes Elephant Trunk Hill), a standout 4-star boutique hotel nestled in the vibrant heart of Xiufeng District. Located [&hellip;]<\/p>\n","protected":false},"author":1,"featured_media":0,"parent":0,"menu_order":0,"comment_status":"closed","ping_status":"closed","template":"","meta":{"footnotes":""},"class_list":["post-5266","page","type-page","status-publish","hentry","post-no-thumbnail"],"_links":{"self":[{"href":"https:\/\/gangsherooftopviewhotel.com\/de\/wp-json\/wp\/v2\/pages\/5266","targetHints":{"allow":["GET"]}}],"collection":[{"href":"https:\/\/gangsherooftopviewhotel.com\/de\/wp-json\/wp\/v2\/pages"}],"about":[{"href":"https:\/\/gangsherooftopviewhotel.com\/de\/wp-json\/wp\/v2\/types\/page"}],"author":[{"embeddable":true,"href":"https:\/\/gangsherooftopviewhotel.com\/de\/wp-json\/wp\/v2\/users\/1"}],"replies":[{"embeddable":true,"href":"https:\/\/gangsherooftopviewhotel.com\/de\/wp-json\/wp\/v2\/comments?post=5266"}],"version-history":[{"count":0,"href":"https:\/\/gangsherooftopviewhotel.com\/de\/wp-json\/wp\/v2\/pages\/5266\/revisions"}],"wp:attachment":[{"href":"https:\/\/gangsherooftopviewhotel.com\/de\/wp-json\/wp\/v2\/media?parent=5266"}],"curies":[{"name":"wp","href":"https:\/\/api.w.org\/{rel}","templated":true}]}}