{"id":5266,"date":"2021-07-18T08:03:35","date_gmt":"2021-07-18T08:03:35","guid":{"rendered":"https:\/\/nuss.uxper.co\/luxury-resort\/?page_id=5266"},"modified":"2025-11-22T05:13:23","modified_gmt":"2025-11-22T05:13:23","slug":"sobre-nosotros","status":"publish","type":"page","link":"https:\/\/gangsherooftopviewhotel.com\/es\/sobre-nosotros\/","title":{"rendered":"Sobre nosotros"},"content":{"rendered":"<div data-elementor-type=\"wp-page\" data-elementor-id=\"5266\" class=\"elementor elementor-5266\">\n\t\t\t\t\t\t<section class=\"elementor-section elementor-top-section elementor-element elementor-element-10416953 elementor-section-boxed elementor-section-gap-beside-yes elementor-section-height-default elementor-section-height-default elementor-section-column-vertical-align-stretch\" data-id=\"10416953\" data-element_type=\"section\" data-e-type=\"section\">\n\t\t\t\t\t\t<div class=\"elementor-container elementor-column-gap-extended\">\n\t\t\t\t\t<div class=\"elementor-column elementor-col-100 elementor-top-column elementor-element elementor-element-29c6aa8\" data-id=\"29c6aa8\" data-element_type=\"column\" data-e-type=\"column\">\n\t\t\t<div class=\"elementor-widget-wrap elementor-element-populated\">\n\t\t\t\t\t\t<div class=\"elementor-element elementor-element-7be18fe7 elementor-widget__width-initial elementor-invisible elementor-widget elementor-widget-text-editor\" data-id=\"7be18fe7\" data-element_type=\"widget\" data-e-type=\"widget\" data-settings=\"{&quot;_animation&quot;:&quot;nussFadeInUp&quot;}\" data-widget_type=\"text-editor.default\">\n\t\t\t\t\t\t\t\t\t<div class=\"svelte-1c06zsf\" data-lang-code=\"\"><p><strong data-spm-anchor-id=\"a2ty_o01.29997173.0.i26.2ca9c921hDpzAm\">Hotel GangShe Rooftop View I \u2013 Tu puerta de entrada premium a los paisajes emblem\u00e1ticos y el encanto urbano de Guilin<\/strong><\/p><\/div>\t\t\t\t\t\t\t\t<\/div>\n\t\t\t\t\t<\/div>\n\t\t<\/div>\n\t\t\t\t\t<\/div>\n\t\t<\/section>\n\t\t\t\t<section class=\"elementor-section elementor-top-section elementor-element elementor-element-7d18327f elementor-section-boxed elementor-section-gap-beside-yes elementor-section-height-default elementor-section-height-default elementor-section-column-vertical-align-stretch\" data-id=\"7d18327f\" data-element_type=\"section\" data-e-type=\"section\">\n\t\t\t\t\t\t<div class=\"elementor-container elementor-column-gap-extended\">\n\t\t\t\t\t<div class=\"elementor-column elementor-col-50 elementor-top-column elementor-element elementor-element-56533670\" data-id=\"56533670\" data-element_type=\"column\" data-e-type=\"column\">\n\t\t\t<div class=\"elementor-widget-wrap elementor-element-populated\">\n\t\t\t\t\t\t<div class=\"elementor-element elementor-element-19c3f543 elementor-drop-cap-yes elementor-drop-cap-view-default elementor-invisible elementor-widget elementor-widget-text-editor\" data-id=\"19c3f543\" data-element_type=\"widget\" data-e-type=\"widget\" data-settings=\"{&quot;_animation&quot;:&quot;nussFadeInUp&quot;,&quot;drop_cap&quot;:&quot;yes&quot;}\" data-widget_type=\"text-editor.default\">\n\t\t\t\t\t\t\t\t\t<p data-spm-anchor-id=\"a2ty_o01.29997173.0.i28.2ca9c921hDpzAm\">Descubre la combinaci\u00f3n perfecta de serenidad y comodidad estrat\u00e9gica en <strong>Hotel GangShe Rooftop View I (Guilin Dos R\u00edos y Cuatro Lagos Colina Trompa de Elefante)<\/strong>, un excepcional hotel boutique de 4 estrellas situado en el vibrante coraz\u00f3n del distrito de Xiufeng. Ubicado en <strong>No. 15 Jiefang East Road<\/strong>, Este moderno santuario te sit\u00faa a tan solo unos pasos de los lugares m\u00e1s emblem\u00e1ticos de Guilin, incluido el legendario <strong>Colina Trompa de Elefante<\/strong>, las aguas brillantes de <strong>Dos r\u00edos y cuatro lagos<\/strong>, y el hist\u00f3rico <strong>Muralla de la antigua ciudad de Jingjiang Wangcheng<\/strong>.<\/p>\t\t\t\t\t\t\t\t<\/div>\n\t\t\t\t\t<\/div>\n\t\t<\/div>\n\t\t\t\t<div class=\"elementor-column elementor-col-50 elementor-top-column elementor-element elementor-element-30f14127\" data-id=\"30f14127\" data-element_type=\"column\" data-e-type=\"column\">\n\t\t\t<div class=\"elementor-widget-wrap elementor-element-populated\">\n\t\t\t\t\t\t<div class=\"elementor-element elementor-element-59aea08 elementor-widget elementor-widget-image\" data-id=\"59aea08\" data-element_type=\"widget\" data-e-type=\"widget\" data-widget_type=\"image.default\">\n\t\t\t\t\t\t\t\t\t\t\t\t\t\t\t<img fetchpriority=\"high\" decoding=\"async\" width=\"1024\" height=\"767\" src=\"https:\/\/gangsherooftopviewhotel.com\/wp-content\/uploads\/2025\/11\/GangShe-Rooftop-View-Hotel-87-1024x767.webp\" class=\"attachment-large size-large wp-image-7269\" alt=\"\" srcset=\"https:\/\/gangsherooftopviewhotel.com\/wp-content\/uploads\/2025\/11\/GangShe-Rooftop-View-Hotel-87-1024x767.webp 1024w, https:\/\/gangsherooftopviewhotel.com\/wp-content\/uploads\/2025\/11\/GangShe-Rooftop-View-Hotel-87-300x225.webp 300w, https:\/\/gangsherooftopviewhotel.com\/wp-content\/uploads\/2025\/11\/GangShe-Rooftop-View-Hotel-87-768x575.webp 768w, https:\/\/gangsherooftopviewhotel.com\/wp-content\/uploads\/2025\/11\/GangShe-Rooftop-View-Hotel-87-16x12.webp 16w, https:\/\/gangsherooftopviewhotel.com\/wp-content\/uploads\/2025\/11\/GangShe-Rooftop-View-Hotel-87.webp 1139w\" sizes=\"(max-width: 1024px) 100vw, 1024px\" \/>\t\t\t\t\t\t\t\t\t\t\t\t\t\t\t<\/div>\n\t\t\t\t\t<\/div>\n\t\t<\/div>\n\t\t\t\t\t<\/div>\n\t\t<\/section>\n\t\t\t\t<section class=\"elementor-section elementor-top-section elementor-element elementor-element-29fb8578 elementor-section-height-min-height elementor-section-stretched elementor-section-full_width elementor-section-items-stretch elementor-section-height-default elementor-section-column-vertical-align-stretch\" data-id=\"29fb8578\" data-element_type=\"section\" data-e-type=\"section\" data-settings=\"{&quot;stretch_section&quot;:&quot;section-stretched&quot;}\">\n\t\t\t\t\t\t<div class=\"elementor-container elementor-column-gap-no\">\n\t\t\t\t\t<div class=\"elementor-column elementor-col-50 elementor-top-column elementor-element elementor-element-40ac270b\" data-id=\"40ac270b\" data-element_type=\"column\" data-e-type=\"column\">\n\t\t\t<div class=\"elementor-widget-wrap elementor-element-populated\">\n\t\t\t\t\t\t<div class=\"elementor-element elementor-element-b29c057 elementor-widget elementor-widget-image\" data-id=\"b29c057\" data-element_type=\"widget\" data-e-type=\"widget\" data-widget_type=\"image.default\">\n\t\t\t\t\t\t\t\t\t\t\t\t\t\t\t<img decoding=\"async\" width=\"1024\" height=\"682\" src=\"https:\/\/gangsherooftopviewhotel.com\/wp-content\/uploads\/2025\/11\/GangShe-Rooftop-View-Hotel-105-1024x682.webp\" class=\"attachment-large size-large wp-image-7287\" alt=\"\" srcset=\"https:\/\/gangsherooftopviewhotel.com\/wp-content\/uploads\/2025\/11\/GangShe-Rooftop-View-Hotel-105-1024x682.webp 1024w, https:\/\/gangsherooftopviewhotel.com\/wp-content\/uploads\/2025\/11\/GangShe-Rooftop-View-Hotel-105-300x200.webp 300w, https:\/\/gangsherooftopviewhotel.com\/wp-content\/uploads\/2025\/11\/GangShe-Rooftop-View-Hotel-105-768x512.webp 768w, https:\/\/gangsherooftopviewhotel.com\/wp-content\/uploads\/2025\/11\/GangShe-Rooftop-View-Hotel-105-18x12.webp 18w, https:\/\/gangsherooftopviewhotel.com\/wp-content\/uploads\/2025\/11\/GangShe-Rooftop-View-Hotel-105.webp 1280w\" sizes=\"(max-width: 1024px) 100vw, 1024px\" \/>\t\t\t\t\t\t\t\t\t\t\t\t\t\t\t<\/div>\n\t\t\t\t\t<\/div>\n\t\t<\/div>\n\t\t\t\t<div class=\"elementor-column elementor-col-50 elementor-top-column elementor-element elementor-element-2dac103\" data-id=\"2dac103\" data-element_type=\"column\" data-e-type=\"column\">\n\t\t\t<div class=\"elementor-widget-wrap elementor-element-populated\">\n\t\t\t\t\t\t<div class=\"elementor-element elementor-element-6f1b8966 elementor-invisible elementor-widget elementor-widget-text-editor\" data-id=\"6f1b8966\" data-element_type=\"widget\" data-e-type=\"widget\" data-settings=\"{&quot;_animation&quot;:&quot;nussFadeInUp&quot;}\" data-widget_type=\"text-editor.default\">\n\t\t\t\t\t\t\t\t\t<p data-spm-anchor-id=\"a2ty_o01.29997173.0.i30.2ca9c921hDpzAm\">Con una excepcional <strong>Puntuaci\u00f3n de los hu\u00e9spedes: 9,7\/10<\/strong> Con m\u00e1s de 11\u00a0600 rese\u00f1as, el GangShe Rooftop View Hotel I recibe constantemente elogios por su impecable limpieza, su c\u00e1lida hospitalidad y sus espacios cuidadosamente dise\u00f1ados. Ya sea que planee una escapada rom\u00e1ntica, una aventura familiar o un viaje de negocios con vistas panor\u00e1micas, este hotel ofrece una relaci\u00f3n calidad-precio inigualable y experiencias inolvidables.<\/p><h3>Ubicaci\u00f3n inmejorable: a poca distancia de las principales atracciones de Guilin<\/h3><p>Olv\u00eddese de los largos desplazamientos: este hotel se encuentra en el epicentro de las maravillas culturales y naturales de Guilin. <strong>160 metros<\/strong> Lejos se encuentra la antigua muralla de la ciudad de Jingjiang Wangcheng, mientras <strong>210 metros<\/strong> Te lleva a la bulliciosa calle peatonal East-West Lane, repleta de gastronom\u00eda local, recuerdos y artesan\u00edas tradicionales. El ic\u00f3nico <strong>Calle peatonal Zhengyang<\/strong> y <strong>Parque de las Siete Estrellas<\/strong> Tambi\u00e9n se encuentran a poca distancia a pie, lo que facilita la exploraci\u00f3n. <strong>La estaci\u00f3n de tren de Guilin est\u00e1 a solo 3,7 km.<\/strong> y <strong>El aeropuerto internacional de Liangjiang est\u00e1 a solo 31 km<\/strong>, Llegar a tu destino \u2014o salir a explorar\u2014 es muy sencillo.<\/p><h3>Habitaciones elegantes dise\u00f1adas para el confort y el deleite paisaj\u00edstico<\/h3><p>Elige entre <strong>84 habitaciones y suites elegantemente decoradas<\/strong>, Cada una ofrece una combinaci\u00f3n \u00fanica de comodidades modernas y toques culturales. Los hu\u00e9spedes pueden disfrutar de:<\/p><ul dir=\"auto\"><li><strong>habitaciones de estilo japon\u00e9s<\/strong> Con una est\u00e9tica minimalista y un ambiente sereno.<\/li><li><strong>Suites con vistas a la monta\u00f1a<\/strong> con ventanas de suelo a techo que enmarcan las famosas cumbres k\u00e1rsticas de Guilin.<\/li><li><strong>habitaciones tem\u00e1ticas ideales para familias<\/strong> Completo con juguetes, pantuflas para ni\u00f1os y una decoraci\u00f3n divertida para los viajeros m\u00e1s j\u00f3venes.<\/li><li><strong>ba\u00f1eras redondas<\/strong> y acogedores rincones de t\u00e9 en habitaciones selectas para una relajaci\u00f3n total.<\/li><\/ul><p data-spm-anchor-id=\"a2ty_o01.29997173.0.i32.2ca9c921hDpzAm\">Todas las habitaciones incluyen wifi gratuito, aire acondicionado, ba\u00f1o privado, refrigerador y servicio de limpieza diario. Muchas habitaciones ofrecen servicio de mayordomo, lo que garantiza una atenci\u00f3n personalizada durante toda su estancia.<\/p>\t\t\t\t\t\t\t\t<\/div>\n\t\t\t\t\t<\/div>\n\t\t<\/div>\n\t\t\t\t\t<\/div>\n\t\t<\/section>\n\t\t\t\t<section class=\"elementor-section elementor-top-section elementor-element elementor-element-2651260 elementor-section-height-min-height elementor-section-stretched elementor-section-full_width elementor-section-items-stretch elementor-section-height-default elementor-section-column-vertical-align-stretch\" data-id=\"2651260\" data-element_type=\"section\" data-e-type=\"section\" data-settings=\"{&quot;stretch_section&quot;:&quot;section-stretched&quot;}\">\n\t\t\t\t\t\t<div class=\"elementor-container elementor-column-gap-no\">\n\t\t\t\t\t<div class=\"elementor-column elementor-col-50 elementor-top-column elementor-element elementor-element-534b5b3\" data-id=\"534b5b3\" data-element_type=\"column\" data-e-type=\"column\">\n\t\t\t<div class=\"elementor-widget-wrap elementor-element-populated\">\n\t\t\t\t\t\t<div class=\"elementor-element elementor-element-826d6cf elementor-invisible elementor-widget elementor-widget-text-editor\" data-id=\"826d6cf\" data-element_type=\"widget\" data-e-type=\"widget\" data-settings=\"{&quot;_animation&quot;:&quot;nussFadeInUp&quot;}\" data-widget_type=\"text-editor.default\">\n\t\t\t\t\t\t\t\t\t<h3 data-spm-anchor-id=\"a2ty_o01.29997173.0.i33.2ca9c921hDpzAm\">Excelencia culinaria con un tel\u00f3n de fondo panor\u00e1mico<\/h3><p>Cena como la realeza en <strong>\u201cPu Shi \u00b7 Gui Bei Cocina Fusi\u00f3n\u201d<\/strong>, el restaurante insignia del hotel en la azotea. Aqu\u00ed, los ingredientes locales se fusionan con la maestr\u00eda culinaria china contempor\u00e1nea, todo ello servido con el impresionante paisaje urbano y los canales de Guilin como tel\u00f3n de fondo. Comience el d\u00eda con un abundante desayuno buffet (opciones occidentales y chinas) o saboree el famoso... <strong>t\u00e9 caliente de jengibre y d\u00e1tiles<\/strong> en el tranquilo sal\u00f3n de t\u00e9 del vest\u00edbulo, un ritual relajante que entusiasma a los hu\u00e9spedes.<\/p><h3>Servicios Premium Adaptados a sus Necesidades<\/h3><p>Desde el momento de su llegada, GangShe Rooftop View Hotel I le garantiza comodidad con una serie de servicios cuidadosamente pensados:<\/p><ul dir=\"auto\"><li><strong>Recepci\u00f3n 24 horas<\/strong> con personal multiling\u00fce (ingl\u00e9s y mandar\u00edn).<\/li><li><strong>Consigna de equipaje gratuita<\/strong> y <strong>estacionamiento p\u00fablico gratuito<\/strong> cercano.<\/li><li><strong>Traslados prioritarios al aeropuerto<\/strong> (cargo adicional) y <strong>asistencia para reservar taxis<\/strong>.<\/li><li><strong>Biblioteca, sal\u00f3n de t\u00e9 y coordinaci\u00f3n de excursiones de senderismo<\/strong> Para los amantes de la naturaleza.<\/li><li><strong>Servicios de lavander\u00eda, planchado y limpieza en seco.<\/strong> \u2014 todo disponible en el sitio o fuera del sitio.<\/li><li><strong>Ventajas para familias<\/strong>Cepillos de dientes infantiles, juegos de mesa y libros de cuentos.<\/li><li><strong>Servicios para negocios<\/strong>: salas de conferencias, servicios de secretar\u00eda y sistemas multimedia para invitados corporativos.<\/li><\/ul><p data-spm-anchor-id=\"a2ty_o01.29997173.0.i34.2ca9c921hDpzAm\">Los hu\u00e9spedes aprecian especialmente el <strong>tapones para los o\u00eddos gratis<\/strong> previsto para personas sensibles al ruido al dormir y el <strong>mantas\/calentadores adicionales<\/strong> Disponible bajo petici\u00f3n durante los meses m\u00e1s fr\u00edos.<\/p>\t\t\t\t\t\t\t\t<\/div>\n\t\t\t\t\t<\/div>\n\t\t<\/div>\n\t\t\t\t<div class=\"elementor-column elementor-col-50 elementor-top-column elementor-element elementor-element-d6fd6ee\" data-id=\"d6fd6ee\" data-element_type=\"column\" data-e-type=\"column\">\n\t\t\t<div class=\"elementor-widget-wrap elementor-element-populated\">\n\t\t\t\t\t\t<div class=\"elementor-element elementor-element-ab11ced elementor-widget elementor-widget-image\" data-id=\"ab11ced\" data-element_type=\"widget\" data-e-type=\"widget\" data-widget_type=\"image.default\">\n\t\t\t\t\t\t\t\t\t\t\t\t\t\t\t<img decoding=\"async\" width=\"1024\" height=\"638\" src=\"https:\/\/gangsherooftopviewhotel.com\/wp-content\/uploads\/2025\/11\/GangShe-Rooftop-View-Hotel-79-1024x638.webp\" class=\"attachment-large size-large wp-image-7261\" alt=\"\" srcset=\"https:\/\/gangsherooftopviewhotel.com\/wp-content\/uploads\/2025\/11\/GangShe-Rooftop-View-Hotel-79-1024x638.webp 1024w, https:\/\/gangsherooftopviewhotel.com\/wp-content\/uploads\/2025\/11\/GangShe-Rooftop-View-Hotel-79-300x187.webp 300w, https:\/\/gangsherooftopviewhotel.com\/wp-content\/uploads\/2025\/11\/GangShe-Rooftop-View-Hotel-79-768x478.webp 768w, https:\/\/gangsherooftopviewhotel.com\/wp-content\/uploads\/2025\/11\/GangShe-Rooftop-View-Hotel-79-18x12.webp 18w, https:\/\/gangsherooftopviewhotel.com\/wp-content\/uploads\/2025\/11\/GangShe-Rooftop-View-Hotel-79.webp 1280w\" sizes=\"(max-width: 1024px) 100vw, 1024px\" \/>\t\t\t\t\t\t\t\t\t\t\t\t\t\t\t<\/div>\n\t\t\t\t\t<\/div>\n\t\t<\/div>\n\t\t\t\t\t<\/div>\n\t\t<\/section>\n\t\t\t\t<section class=\"elementor-section elementor-top-section elementor-element elementor-element-4d5a228 elementor-section-height-min-height elementor-section-stretched elementor-section-full_width elementor-section-items-stretch elementor-section-height-default elementor-section-column-vertical-align-stretch\" data-id=\"4d5a228\" data-element_type=\"section\" data-e-type=\"section\" data-settings=\"{&quot;stretch_section&quot;:&quot;section-stretched&quot;}\">\n\t\t\t\t\t\t<div class=\"elementor-container elementor-column-gap-no\">\n\t\t\t\t\t<div class=\"elementor-column elementor-col-50 elementor-top-column elementor-element elementor-element-ba59428\" data-id=\"ba59428\" data-element_type=\"column\" data-e-type=\"column\">\n\t\t\t<div class=\"elementor-widget-wrap elementor-element-populated\">\n\t\t\t\t\t\t<div class=\"elementor-element elementor-element-fd1cd9f elementor-widget elementor-widget-image\" data-id=\"fd1cd9f\" data-element_type=\"widget\" data-e-type=\"widget\" data-widget_type=\"image.default\">\n\t\t\t\t\t\t\t\t\t\t\t\t\t\t\t<img loading=\"lazy\" decoding=\"async\" width=\"1024\" height=\"682\" src=\"https:\/\/gangsherooftopviewhotel.com\/wp-content\/uploads\/2025\/11\/GangShe-Rooftop-View-Hotel-57-1024x682.webp\" class=\"attachment-large size-large wp-image-7239\" alt=\"\" srcset=\"https:\/\/gangsherooftopviewhotel.com\/wp-content\/uploads\/2025\/11\/GangShe-Rooftop-View-Hotel-57-1024x682.webp 1024w, https:\/\/gangsherooftopviewhotel.com\/wp-content\/uploads\/2025\/11\/GangShe-Rooftop-View-Hotel-57-300x200.webp 300w, https:\/\/gangsherooftopviewhotel.com\/wp-content\/uploads\/2025\/11\/GangShe-Rooftop-View-Hotel-57-768x512.webp 768w, https:\/\/gangsherooftopviewhotel.com\/wp-content\/uploads\/2025\/11\/GangShe-Rooftop-View-Hotel-57-18x12.webp 18w, https:\/\/gangsherooftopviewhotel.com\/wp-content\/uploads\/2025\/11\/GangShe-Rooftop-View-Hotel-57.webp 1280w\" sizes=\"(max-width: 1024px) 100vw, 1024px\" \/>\t\t\t\t\t\t\t\t\t\t\t\t\t\t\t<\/div>\n\t\t\t\t\t<\/div>\n\t\t<\/div>\n\t\t\t\t<div class=\"elementor-column elementor-col-50 elementor-top-column elementor-element elementor-element-3c0ff58\" data-id=\"3c0ff58\" data-element_type=\"column\" data-e-type=\"column\">\n\t\t\t<div class=\"elementor-widget-wrap elementor-element-populated\">\n\t\t\t\t\t\t<div class=\"elementor-element elementor-element-2e14ce1 elementor-invisible elementor-widget elementor-widget-text-editor\" data-id=\"2e14ce1\" data-element_type=\"widget\" data-e-type=\"widget\" data-settings=\"{&quot;_animation&quot;:&quot;nussFadeInUp&quot;}\" data-widget_type=\"text-editor.default\">\n\t\t\t\t\t\t\t\t\t<h3>Ideal para todo tipo de viajeros: familias, parejas y viajeros de negocios.<\/h3><p>Gracias a su c\u00e9ntrica ubicaci\u00f3n, amplias habitaciones y un servicio excepcional, el GangShe Rooftop View Hotel I se ha convertido en uno de los hoteles favoritos de las familias que buscan comodidad y encanto. Quienes viajan solos y en pareja disfrutan de las rom\u00e1nticas vistas desde la azotea y de momentos de tranquilidad para tomar el t\u00e9, mientras que los viajeros de negocios se benefician de wifi confiable, salas de reuniones y proximidad a los centros de transporte.<\/p><h3>Lo que dicen los viajeros<\/h3><blockquote><p><em>\u201cUn hotel realmente estupendo. Muy limpio, elegante y con un personal muy amable. La ubicaci\u00f3n es ideal, ya que hay centros comerciales por todas partes, as\u00ed como tiendas de alimentaci\u00f3n y mercados justo al lado.\u201d<\/em> \u2014 Usuario invitado, noviembre de 2025<\/p><\/blockquote><blockquote><p><em>\u201cDisfrutamos much\u00edsimo de nuestra estancia aqu\u00ed. La ubicaci\u00f3n es muy conveniente\u2026 Nos encant\u00f3 nuestra peque\u00f1a sala de t\u00e9 junto a la ventana. El personal de recepci\u00f3n fue amable y servicial.\u201d<\/em> \u2014 \u00a1Pasi\u00f3n por viajar!, noviembre de 2025<\/p><\/blockquote><blockquote><p><em>\u201cLa ubicaci\u00f3n de este hotel es incre\u00edble\u2026 est\u00e1 justo en el centro de todo. Solo ten en cuenta que no hay una zona de llegadas adecuada.\u201d<\/em> \u2014 Usuario an\u00f3nimo, noviembre de 2025<\/p><\/blockquote><h3>Reserve su estancia hoy mismo.<\/h3><p>Ya sea que est\u00e9 persiguiendo la belleza brumosa del r\u00edo Li, paseando por callejones antiguos o simplemente relaj\u00e1ndose con una taza de t\u00e9 de jengibre bajo las estrellas, <strong>Hotel GangShe Rooftop View I<\/strong> Ofrece m\u00e1s que solo alojamiento: te sumerge en el alma de Guilin. Con tarifas competitivas desde aproximadamente <strong>98 d\u00f3lares por noche<\/strong>, Un servicio excepcional y una ubicaci\u00f3n que lo coloca en el centro de todo: este no es solo un lugar para descansar, es donde realmente comienza su viaje a Guilin.<\/p><p data-spm-anchor-id=\"a2ty_o01.29997173.0.i35.2ca9c921hDpzAm\"><strong>Reserve ahora y descubra por qu\u00e9 los viajeros califican a GangShe Rooftop View Hotel I como uno de los mejores hoteles de 4 estrellas en Guilin.<\/strong><\/p>\t\t\t\t\t\t\t\t<\/div>\n\t\t\t\t\t<\/div>\n\t\t<\/div>\n\t\t\t\t\t<\/div>\n\t\t<\/section>\n\t\t\t\t<section class=\"elementor-section elementor-top-section elementor-element elementor-element-2092b7d0 elementor-section-stretched elementor-section-boxed elementor-section-gap-beside-yes elementor-section-height-default elementor-section-height-default elementor-section-column-vertical-align-stretch\" data-id=\"2092b7d0\" data-element_type=\"section\" data-e-type=\"section\" data-settings=\"{&quot;background_background&quot;:&quot;classic&quot;,&quot;stretch_section&quot;:&quot;section-stretched&quot;}\">\n\t\t\t\t\t\t<div class=\"elementor-container elementor-column-gap-extended\">\n\t\t\t\t\t<div class=\"elementor-column elementor-col-100 elementor-top-column elementor-element elementor-element-be69d75\" data-id=\"be69d75\" data-element_type=\"column\" data-e-type=\"column\">\n\t\t\t<div class=\"elementor-widget-wrap elementor-element-populated\">\n\t\t\t\t\t\t<div class=\"elementor-element elementor-element-320c022 elementor-widget elementor-widget-nuss-heading\" data-id=\"320c022\" data-element_type=\"widget\" data-e-type=\"widget\" data-widget_type=\"nuss-heading.default\">\n\t\t\t\t<div class=\"elementor-widget-container\">\n\t\t\t\t\t\t\t<div class=\"nuss-modern-heading\">\r\n\t\t\t\t\t\t<div class=\"heading-secondary-wrap\">\r\n\t\t\t\t<h3 class=\"heading-secondary elementor-heading-title\">Consultar disponibilidad <\/h3>\t\t\t<\/div>\r\n\t\t\r\n\t\t\t\r\n\t\t\t\r\n\t\t\t\t\t<\/div>\r\n\t\t\t\t\t<\/div>\n\t\t\t\t<\/div>\n\t\t\t\t<div class=\"elementor-element elementor-element-fe69a93 elementor-widget elementor-widget-text-editor\" data-id=\"fe69a93\" data-element_type=\"widget\" data-e-type=\"widget\" data-widget_type=\"text-editor.default\">\n\t\t\t\t\t\t\t\t\t<iframe border=\"0\" src=\"https:\/\/www.trip.com\/partners\/ad\/S7130629?Allianceid=4590391&#038;SID=277205839&#038;trip_sub1=\" style=\"width:1200px;height:150px\" frameborder=\"0\" scrolling=\"no\" id=\"S7130629\"><\/iframe>\t\t\t\t\t\t\t\t<\/div>\n\t\t\t\t\t<\/div>\n\t\t<\/div>\n\t\t\t\t\t<\/div>\n\t\t<\/section>\n\t\t\t\t<\/div>","protected":false},"excerpt":{"rendered":"<p>GangShe Rooftop View Hotel I \u2013 Your Premium Gateway to Guilin\u2019s Iconic Landscapes &amp; Urban Charm Discover the perfect blend of serene comfort and strategic convenience at GangShe Rooftop View Hotel I (Guilin Two Rivers and Four Lakes Elephant Trunk Hill), a standout 4-star boutique hotel nestled in the vibrant heart of Xiufeng District. Located [&hellip;]<\/p>\n","protected":false},"author":1,"featured_media":0,"parent":0,"menu_order":0,"comment_status":"closed","ping_status":"closed","template":"","meta":{"footnotes":""},"class_list":["post-5266","page","type-page","status-publish","hentry","post-no-thumbnail"],"_links":{"self":[{"href":"https:\/\/gangsherooftopviewhotel.com\/es\/wp-json\/wp\/v2\/pages\/5266","targetHints":{"allow":["GET"]}}],"collection":[{"href":"https:\/\/gangsherooftopviewhotel.com\/es\/wp-json\/wp\/v2\/pages"}],"about":[{"href":"https:\/\/gangsherooftopviewhotel.com\/es\/wp-json\/wp\/v2\/types\/page"}],"author":[{"embeddable":true,"href":"https:\/\/gangsherooftopviewhotel.com\/es\/wp-json\/wp\/v2\/users\/1"}],"replies":[{"embeddable":true,"href":"https:\/\/gangsherooftopviewhotel.com\/es\/wp-json\/wp\/v2\/comments?post=5266"}],"version-history":[{"count":0,"href":"https:\/\/gangsherooftopviewhotel.com\/es\/wp-json\/wp\/v2\/pages\/5266\/revisions"}],"wp:attachment":[{"href":"https:\/\/gangsherooftopviewhotel.com\/es\/wp-json\/wp\/v2\/media?parent=5266"}],"curies":[{"name":"wp","href":"https:\/\/api.w.org\/{rel}","templated":true}]}}