{"id":2104,"date":"2021-03-23T09:33:48","date_gmt":"2021-03-23T09:33:48","guid":{"rendered":"http:\/\/localhost\/nuss\/?page_id=167"},"modified":"2025-11-22T05:53:39","modified_gmt":"2025-11-22T05:53:39","slug":"notre-histoire","status":"publish","type":"page","link":"https:\/\/gangsherooftopviewhotel.com\/fr\/notre-histoire\/","title":{"rendered":"Notre histoire"},"content":{"rendered":"<div data-elementor-type=\"wp-page\" data-elementor-id=\"2104\" class=\"elementor elementor-2104\">\n\t\t\t\t\t\t<section class=\"elementor-section elementor-top-section elementor-element elementor-element-8f5bb9d elementor-section-boxed elementor-section-gap-beside-yes elementor-section-height-default elementor-section-height-default elementor-section-column-vertical-align-stretch\" data-id=\"8f5bb9d\" data-element_type=\"section\" data-e-type=\"section\">\n\t\t\t\t\t\t<div class=\"elementor-container elementor-column-gap-extended\">\n\t\t\t\t\t<div class=\"elementor-column elementor-col-100 elementor-top-column elementor-element elementor-element-7ec4215\" data-id=\"7ec4215\" data-element_type=\"column\" data-e-type=\"column\">\n\t\t\t<div class=\"elementor-widget-wrap elementor-element-populated\">\n\t\t\t\t\t\t<div class=\"elementor-element elementor-element-edd9d03 elementor-widget__width-initial elementor-invisible elementor-widget elementor-widget-text-editor\" data-id=\"edd9d03\" data-element_type=\"widget\" data-e-type=\"widget\" data-settings=\"{&quot;_animation&quot;:&quot;nussFadeInUp&quot;}\" data-widget_type=\"text-editor.default\">\n\t\t\t\t\t\t\t\t\t<p><strong data-spm-anchor-id=\"a2ty_o01.29997173.0.i68.2ca9c921hDpzAm\">Notre histoire : quand l&#039;\u00e9l\u00e9gance moderne rencontre l&#039;\u00e2me de Guilin<\/strong><\/p>\t\t\t\t\t\t\t\t<\/div>\n\t\t\t\t\t<\/div>\n\t\t<\/div>\n\t\t\t\t\t<\/div>\n\t\t<\/section>\n\t\t<div class=\"elementor-element elementor-element-ae7e42f e-flex e-con-boxed e-con e-parent\" data-id=\"ae7e42f\" data-element_type=\"container\" data-e-type=\"container\">\n\t\t\t\t\t<div class=\"e-con-inner\">\n\t\t\t\t<div class=\"elementor-element elementor-element-136c3a3 elementor-widget elementor-widget-text-editor\" data-id=\"136c3a3\" data-element_type=\"widget\" data-e-type=\"widget\" data-widget_type=\"text-editor.default\">\n\t\t\t\t\t\t\t\t\t<p data-spm-anchor-id=\"a2ty_o01.29997173.0.i70.2ca9c921hDpzAm\">\u00c0 <strong>H\u00f4tel GangShe Rooftop View I (Guilin, Deux Rivi\u00e8res et Quatre Lacs, Colline du Trompe d&#039;\u00c9l\u00e9phant)<\/strong>, Notre histoire ne se r\u00e9sume pas \u00e0 des briques et du mortier\u00a0; c\u2019est une v\u00e9ritable d\u00e9claration d\u2019amour \u00e0 Guilin. Nich\u00e9 \u00e0 <strong>Route n\u00b015 de Jiefang Est, district de Xiufeng<\/strong>, Nous ne sommes pas simplement un lieu o\u00f9 reposer votre t\u00eate ; nous sommes un sanctuaire con\u00e7u pour ceux qui cherchent \u00e0 d\u00e9couvrir le c\u0153ur, l&#039;histoire et l&#039;harmonie de l&#039;une des villes les plus po\u00e9tiques de Chine.<\/p><p>Notre aventure a commenc\u00e9 en 2018, avec l&#039;\u00e9mergence d&#039;une vision\u00a0: cr\u00e9er un h\u00f4tel qui rende hommage \u00e0 la beaut\u00e9 intemporelle de Guilin tout en int\u00e9grant le confort et l&#039;esth\u00e9tique du voyage moderne. Nous ne souhaitions pas construire une cha\u00eene h\u00f4teli\u00e8re impersonnelle de plus\u00a0; nous voulions cr\u00e9er une exp\u00e9rience unique. <em>exp\u00e9rience<\/em>. Un lieu o\u00f9 les h\u00f4tes pourraient se r\u00e9veiller face aux pics karstiques brumeux depuis leur fen\u00eatre, siroter un th\u00e9 au gingembre et aux dattes au coucher du soleil sur la rivi\u00e8re Li, et se retrouver par hasard devant le l\u00e9gendaire <strong>Colline du Trompe d&#039;\u00c9l\u00e9phant<\/strong> ou fl\u00e2ner dans les ruelles \u00e9clair\u00e9es par des lanternes <strong>Voie Est-Ouest<\/strong>.<\/p><p>D\u00e8s le d\u00e9part, chaque d\u00e9tail a \u00e9t\u00e9 pens\u00e9 dans les moindres d\u00e9tails. Notre nom, \u201c GangShe \u201d, \u00e9voque le doux murmure des rivi\u00e8res et la force tranquille de la pierre, symboles du paysage naturel de Guilin. La \u201c Vue depuis le toit \u201d est plus qu&#039;un atout\u00a0: c&#039;est une promesse. La promesse que, quelle que soit la chambre que vous choisissiez, m\u00eame la plus sereine, vous profiterez d&#039;une vue imprenable. <strong>suite de style japonais<\/strong> avec sa baignoire ronde et son ambiance zen minimaliste, ou notre mod\u00e8le familial <strong>Chambre \u00e0 th\u00e8me de dessin anim\u00e9<\/strong> Con\u00e7u pour \u00e9merveiller les petits explorateurs, il vous offrira des panoramas qui refl\u00e8tent l&#039;\u00e2me de Guilin.<\/p><p>Nous avons ouvert nos portes avec 84 chambres soigneusement con\u00e7ues, chacune impr\u00e9gn\u00e9e de charme local et de confort international. En 2019, nous avons affin\u00e9 notre vision gr\u00e2ce \u00e0 des r\u00e9novations r\u00e9fl\u00e9chies, en veillant \u00e0 ce que chaque oreiller, chaque tasse de th\u00e9, chaque baie vitr\u00e9e soit plac\u00e9e avec soin. Aujourd&#039;hui, nous sommes fiers d&#039;\u00eatre\u2026 <strong>Deuxi\u00e8me meilleur h\u00f4tel 4 \u00e9toiles de Guilin<\/strong>, c\u00e9l\u00e9br\u00e9e non pour sa grandeur, mais pour son authenticit\u00e9.<\/p><p>Notre restaurant sur le toit, <strong>\u201c\u00a0Cuisine fusion Pu Shi \u00b7 Gui Bei\u00a0\u201d<\/strong> N\u00e9 d&#039;une envie de partager les saveurs du Guangxi avec le monde entier, ce restaurant propose une cuisine o\u00f9 les chefs marient ingr\u00e9dients traditionnels et cr\u00e9ations contemporaines. Les convives d\u00eenent \u00e0 la belle \u00e9toile, contemplant les m\u00eames collines qui ont inspir\u00e9 les po\u00e8tes pendant des si\u00e8cles. C&#039;est ici, autour de bols fumants de nouilles de riz et de tisanes parfum\u00e9es, que se tissent des histoires et que se cr\u00e9ent des souvenirs.<\/p><p>Mais notre histoire s&#039;\u00e9crit aussi dans les sourires de nos clients. Des voyageurs solitaires qui prennent des photos du lever du soleil pr\u00e8s de <strong>Mur de la ville antique de Jingjiang Wangcheng<\/strong>, Des familles riant aux \u00e9clats autour de jeux de soci\u00e9t\u00e9 dans notre salon de th\u00e9 chaleureux, aux professionnels concluant des affaires dans notre espace de conf\u00e9rence paisible, nous avons fait partie d&#039;innombrables voyages. <strong>Plus de 11\u00a0600 avis<\/strong> Dites-nous ce que nous savons d\u00e9j\u00e0\u00a0: c\u2019est bien plus qu\u2019un h\u00f4tel. C\u2019est un chez-soi loin de chez soi, un point de d\u00e9part pour l\u2019aventure et un havre de paix apr\u00e8s une journ\u00e9e riche en d\u00e9couvertes.<\/p><p>Nous pensons que les voyages doivent nourrir l&#039;esprit autant que le corps. C&#039;est pourquoi nous offrons gratuitement <strong>th\u00e9 gingembre-datte<\/strong> Dans le hall, un accueil chaleureux empreint de tradition. Pourquoi nous proposons <strong>service de majordome<\/strong> dans certaines chambres, car les petits gestes font toute la diff\u00e9rence. Pourquoi nous proposons des livres et des jouets pour enfants, car la joie n&#039;a pas d&#039;\u00e2ge. Et pourquoi nous offrons <strong>randonn\u00e9es<\/strong> et <strong>\u00e9co-tours<\/strong>\u2014car la magie de Guilin vit au-del\u00e0 de nos murs.<\/p><p>Notre \u00e9quipe, qui parle couramment anglais et mandarin, ne se contente pas de vous servir\u00a0: vous \u00eates accueilli comme un ami de retour dans un lieu familier. Que vous ayez besoin d\u2019aide pour r\u00e9server une croisi\u00e8re fluviale, trouver les meilleurs stands de street food locale ou simplement un coin tranquille pour lire, nous sommes l\u00e0, \u00e0 vos c\u00f4t\u00e9s, et non derri\u00e8re un comptoir.<\/p><p>En entrant au GangShe Rooftop View Hotel I, vous entrez dans un chapitre de notre histoire en cours, une histoire \u00e9crite chaque jour par les clients qui honorent nos couloirs, les artistes qui peignent nos murs, les chefs qui concoctent nos repas et la ville de Guilin qui nous inspire tous.<\/p><p>Voici notre histoire.<br \/>Et maintenant, c&#039;est \u00e0 vous de continuer.<\/p><p>Bienvenue chez vous.<\/p><p>\u2014<\/p><p data-spm-anchor-id=\"a2ty_o01.29997173.0.i72.2ca9c921hDpzAm\"><em>H\u00f4tel GangShe Rooftop View I \u2014 O\u00f9 chaque s\u00e9jour raconte une histoire.<\/em><\/p>\t\t\t\t\t\t\t\t<\/div>\n\t\t\t\t\t<\/div>\n\t\t\t\t<\/div>\n\t\t\t\t<section class=\"elementor-section elementor-top-section elementor-element elementor-element-1ff8ea0f elementor-section-stretched elementor-section-boxed elementor-section-gap-beside-yes elementor-section-height-default elementor-section-height-default elementor-section-column-vertical-align-stretch\" data-id=\"1ff8ea0f\" data-element_type=\"section\" data-e-type=\"section\" data-settings=\"{&quot;background_background&quot;:&quot;classic&quot;,&quot;stretch_section&quot;:&quot;section-stretched&quot;}\">\n\t\t\t\t\t\t<div class=\"elementor-container elementor-column-gap-extended\">\n\t\t\t\t\t<div class=\"elementor-column elementor-col-100 elementor-top-column elementor-element elementor-element-25cb6e98\" data-id=\"25cb6e98\" data-element_type=\"column\" data-e-type=\"column\">\n\t\t\t<div class=\"elementor-widget-wrap elementor-element-populated\">\n\t\t\t\t\t\t<div class=\"elementor-element elementor-element-4ad5beb1 elementor-widget elementor-widget-nuss-heading\" data-id=\"4ad5beb1\" data-element_type=\"widget\" data-e-type=\"widget\" data-widget_type=\"nuss-heading.default\">\n\t\t\t\t<div class=\"elementor-widget-container\">\n\t\t\t\t\t\t\t<div class=\"nuss-modern-heading\">\r\n\t\t\t\t\t\t<div class=\"heading-secondary-wrap\">\r\n\t\t\t\t<h3 class=\"heading-secondary elementor-heading-title\">Ch\u00e8que disponible <\/h3>\t\t\t<\/div>\r\n\t\t\r\n\t\t\t\r\n\t\t\t\r\n\t\t\t\t\t<\/div>\r\n\t\t\t\t\t<\/div>\n\t\t\t\t<\/div>\n\t\t\t\t<div class=\"elementor-element elementor-element-7eec087d elementor-widget elementor-widget-text-editor\" data-id=\"7eec087d\" data-element_type=\"widget\" data-e-type=\"widget\" data-widget_type=\"text-editor.default\">\n\t\t\t\t\t\t\t\t\t<iframe border=\"0\" src=\"https:\/\/www.trip.com\/partners\/ad\/S7130629?Allianceid=4590391&#038;SID=277205839&#038;trip_sub1=\" style=\"width:1200px;height:150px\" frameborder=\"0\" scrolling=\"no\" id=\"S7130629\"><\/iframe>\t\t\t\t\t\t\t\t<\/div>\n\t\t\t\t\t<\/div>\n\t\t<\/div>\n\t\t\t\t\t<\/div>\n\t\t<\/section>\n\t\t\t\t<\/div>","protected":false},"excerpt":{"rendered":"<p>Our Story: Where Modern Elegance Meets the Soul of Guilin At GangShe Rooftop View Hotel I (Guilin Two Rivers And Four Lakes Elephant Trunk Hill), our story isn\u2019t just about bricks and mortar\u2014it\u2019s a love letter to Guilin itself. Nestled at No.15 Jiefang East Road, Xiufeng District, we are not merely a place to rest [&hellip;]<\/p>\n","protected":false},"author":1,"featured_media":0,"parent":0,"menu_order":0,"comment_status":"closed","ping_status":"closed","template":"","meta":{"footnotes":""},"class_list":["post-2104","page","type-page","status-publish","hentry","post-no-thumbnail"],"_links":{"self":[{"href":"https:\/\/gangsherooftopviewhotel.com\/fr\/wp-json\/wp\/v2\/pages\/2104","targetHints":{"allow":["GET"]}}],"collection":[{"href":"https:\/\/gangsherooftopviewhotel.com\/fr\/wp-json\/wp\/v2\/pages"}],"about":[{"href":"https:\/\/gangsherooftopviewhotel.com\/fr\/wp-json\/wp\/v2\/types\/page"}],"author":[{"embeddable":true,"href":"https:\/\/gangsherooftopviewhotel.com\/fr\/wp-json\/wp\/v2\/users\/1"}],"replies":[{"embeddable":true,"href":"https:\/\/gangsherooftopviewhotel.com\/fr\/wp-json\/wp\/v2\/comments?post=2104"}],"version-history":[{"count":0,"href":"https:\/\/gangsherooftopviewhotel.com\/fr\/wp-json\/wp\/v2\/pages\/2104\/revisions"}],"wp:attachment":[{"href":"https:\/\/gangsherooftopviewhotel.com\/fr\/wp-json\/wp\/v2\/media?parent=2104"}],"curies":[{"name":"wp","href":"https:\/\/api.w.org\/{rel}","templated":true}]}}