{"id":2105,"date":"2021-03-24T07:25:45","date_gmt":"2021-03-24T07:25:45","guid":{"rendered":"http:\/\/localhost\/nuss\/?page_id=235"},"modified":"2025-11-22T05:37:45","modified_gmt":"2025-11-22T05:37:45","slug":"faq","status":"publish","type":"page","link":"https:\/\/gangsherooftopviewhotel.com\/fr\/faq\/","title":{"rendered":"FAQ"},"content":{"rendered":"<div data-elementor-type=\"wp-page\" data-elementor-id=\"2105\" class=\"elementor elementor-2105\">\n\t\t\t\t\t\t<section class=\"elementor-section elementor-top-section elementor-element elementor-element-2a96a73 elementor-section-boxed elementor-section-gap-beside-yes elementor-section-height-default elementor-section-height-default elementor-section-column-vertical-align-stretch\" data-id=\"2a96a73\" data-element_type=\"section\" data-e-type=\"section\">\n\t\t\t\t\t\t<div class=\"elementor-container elementor-column-gap-extended\">\n\t\t\t\t\t<div class=\"elementor-column elementor-col-100 elementor-top-column elementor-element elementor-element-98ef20c\" data-id=\"98ef20c\" data-element_type=\"column\" data-e-type=\"column\">\n\t\t\t<div class=\"elementor-widget-wrap elementor-element-populated\">\n\t\t\t\t\t\t<div class=\"elementor-element elementor-element-97088c0 elementor-widget__width-initial elementor-invisible elementor-widget elementor-widget-text-editor\" data-id=\"97088c0\" data-element_type=\"widget\" data-e-type=\"widget\" data-settings=\"{&quot;_animation&quot;:&quot;nussFadeInUp&quot;}\" data-widget_type=\"text-editor.default\">\n\t\t\t\t\t\t\t\t\t<p>Vous trouverez ci-dessous une liste des questions les plus fr\u00e9quemment pos\u00e9es par nos clients.<\/p>\t\t\t\t\t\t\t\t<\/div>\n\t\t\t\t\t<\/div>\n\t\t<\/div>\n\t\t\t\t\t<\/div>\n\t\t<\/section>\n\t\t\t\t<section class=\"elementor-section elementor-top-section elementor-element elementor-element-b184647 elementor-section-gap-beside-no elementor-section-boxed elementor-section-height-default elementor-section-height-default elementor-section-column-vertical-align-stretch\" data-id=\"b184647\" data-element_type=\"section\" data-e-type=\"section\">\n\t\t\t\t\t\t<div class=\"elementor-container elementor-column-gap-extended\">\n\t\t\t\t\t<div class=\"elementor-column elementor-col-100 elementor-top-column elementor-element elementor-element-1d49749\" data-id=\"1d49749\" data-element_type=\"column\" data-e-type=\"column\">\n\t\t\t<div class=\"elementor-widget-wrap elementor-element-populated\">\n\t\t\t\t\t\t<div class=\"elementor-element elementor-element-b986a9e elementor-invisible elementor-widget elementor-widget-nuss-heading\" data-id=\"b986a9e\" data-element_type=\"widget\" data-e-type=\"widget\" data-settings=\"{&quot;_animation&quot;:&quot;nussFadeInUp&quot;}\" data-widget_type=\"nuss-heading.default\">\n\t\t\t\t<div class=\"elementor-widget-container\">\n\t\t\t\t\t\t\t<div class=\"nuss-modern-heading\">\r\n\t\t\t\r\n\t\t\t\t\t\t<div class=\"heading-primary-wrap\">\r\n\t\t\t\t<h4 class=\"heading-primary elementor-heading-title\">FAQ<\/h4>\t\t\t<\/div>\r\n\t\t\r\n\t\t\t\t\t\t<div class=\"heading-divider-wrap\">\r\n\t\t\t\t<div class=\"heading-divider\" style=\"left: 0px;top: 6px\"><\/div>\r\n\t\t\t<\/div>\r\n\t\r\n\t\t\t\t\t<\/div>\r\n\t\t\t\t\t<\/div>\n\t\t\t\t<\/div>\n\t\t\t\t<div class=\"elementor-element elementor-element-50f0733 elementor-invisible elementor-widget elementor-widget-heading\" data-id=\"50f0733\" data-element_type=\"widget\" data-e-type=\"widget\" data-settings=\"{&quot;_animation&quot;:&quot;nussFadeInUp&quot;}\" data-widget_type=\"heading.default\">\n\t\t\t\t\t<h2 class=\"elementor-heading-title elementor-size-default\">Questions et r\u00e9ponses<\/h2>\t\t\t\t<\/div>\n\t\t\t\t<div class=\"elementor-element elementor-element-2aee4a2 elementor-widget elementor-widget-text-editor\" data-id=\"2aee4a2\" data-element_type=\"widget\" data-e-type=\"widget\" data-widget_type=\"text-editor.default\">\n\t\t\t\t\t\t\t\t\t<h3 data-spm-anchor-id=\"a2ty_o01.29997173.0.i58.2ca9c921hDpzAm\">\ud83c\udfe8 <strong>H\u00f4tel et r\u00e9servation<\/strong><\/h3><ol dir=\"auto\" start=\"1\"><li><p><strong>Quels sont les horaires d&#039;arriv\u00e9e et de d\u00e9part\u00a0?<\/strong><br \/>L&#039;enregistrement se fait \u00e0 partir de <strong>14:00<\/strong>, et le paiement se fait par <strong>12h00<\/strong>.<\/p><\/li><li><p><strong>Un d\u00e9p\u00f4t de garantie est-il requis \u00e0 l&#039;arriv\u00e9e\u00a0?<\/strong><br \/>L&#039;h\u00f4tel n&#039;exige aucun d\u00e9p\u00f4t.<\/p><\/li><li><p><strong>Puis-je r\u00e9server une chambre en ligne\u00a0?<\/strong><br \/>Oui, vous pouvez r\u00e9server directement via le site officiel de l&#039;h\u00f4tel ou via des plateformes de confiance comme Trip.com.<\/p><\/li><li><p><strong>Proposez-vous un alignement des prix ?<\/strong><br \/>Oui, l&#039;h\u00f4tel propose une garantie d&#039;alignement des prix pour les r\u00e9servations \u00e9ligibles.<\/p><\/li><li><p><strong>Puis-je annuler ma r\u00e9servation\u00a0?<\/strong><br \/>Les conditions d&#039;annulation varient selon le type de chambre et les modalit\u00e9s de r\u00e9servation. Veuillez consulter votre courriel de confirmation ou contacter directement l&#039;h\u00f4tel.<\/p><\/li><li><p><strong>Les animaux domestiques sont-ils autoris\u00e9s ?<\/strong><br \/>Non, les animaux de compagnie ne sont pas admis. Les animaux d&#039;assistance ne sont pas non plus autoris\u00e9s.<\/p><\/li><li><p><strong>Quel est l&#039;\u00e2ge minimum pour s&#039;enregistrer ?<\/strong><br \/>L&#039;invit\u00e9 principal doit avoir au moins <strong>18 ans<\/strong>.<\/p><\/li><li><p><strong>Est-ce que l&#039;h\u00f4tel a une piscine?<\/strong><br \/>Non, l&#039;h\u00f4tel ne dispose pas de piscine pour ses clients.<\/p><\/li><li><p><strong>Combien de chambres compte l&#039;h\u00f4tel ?<\/strong><br \/>L&#039;h\u00f4tel dispose de <strong>84 chambres et suites<\/strong>.<\/p><\/li><li><p><strong>Quand l&#039;h\u00f4tel a-t-il ouvert ses portes et a-t-il \u00e9t\u00e9 r\u00e9nov\u00e9 ?<\/strong><br \/>Ouvert en <strong>2018<\/strong>, les r\u00e9novations \u00e9tant termin\u00e9es en <strong>2019<\/strong>.<\/p><\/li><\/ol><div class=\"my-2\">\u00a0<\/div><div class=\"py-2 my-3\"><hr \/><\/div><div class=\"my-2\">\u00a0<\/div><h3>\ud83d\udccd <strong>Lieu et transport<\/strong><\/h3><ol dir=\"auto\" start=\"11\"><li><p><strong>Quelle est la distance entre l&#039;h\u00f4tel et l&#039;a\u00e9roport international de Guilin Liangjiang\u00a0?<\/strong><br \/>Environ <strong>30,7 km<\/strong> (environ 44 minutes en voiture).<\/p><\/li><li><p><strong>Existe-t-il un service de transfert a\u00e9roport ?<\/strong><br \/>Oui, un service de prise en charge et de d\u00e9pose prioritaire \u00e0 l&#039;a\u00e9roport est disponible moyennant un suppl\u00e9ment. La r\u00e9servation pr\u00e9alable est recommand\u00e9e.<\/p><\/li><li><p><strong>Quelle est la distance entre l&#039;h\u00f4tel et la gare de Guilin\u00a0?<\/strong><br \/>Juste <strong>3,7 km<\/strong> \u00e0 l&#039;\u00e9cart \u2014 facilement accessible en taxi ou en transports en commun.<\/p><\/li><li><p><strong>Quelles sont les attractions touristiques \u00e0 proximit\u00e9 ?<\/strong><br \/>\u00c0 distance de marche de :<\/p><ul dir=\"auto\"><li><strong>Colline du Trompe d&#039;\u00c9l\u00e9phant<\/strong> (monument embl\u00e9matique)<\/li><li><strong>Deux rivi\u00e8res et quatre lacs<\/strong><\/li><li><strong>Mur de la ville antique de Jingjiang Wangcheng<\/strong> (160 m)<\/li><li><strong>Voie Est-Ouest<\/strong> (210 m)<\/li><li><strong>Rue pi\u00e9tonne de Zhengyang<\/strong><\/li><\/ul><\/li><li><p><strong>Y a-t-il un parking disponible ?<\/strong><br \/>Oui, <strong>parking public gratuit \u00e0 proximit\u00e9<\/strong> est disponible. Une r\u00e9servation peut \u00eatre n\u00e9cessaire.<\/p><\/li><\/ol><div class=\"my-2\">\u00a0<\/div><div class=\"py-2 my-3\"><hr \/><\/div><div class=\"my-2\">\u00a0<\/div><h3>\ud83c\udf7d\ufe0f <strong>Restauration et commodit\u00e9s<\/strong><\/h3><ol dir=\"auto\" start=\"16\"><li><p><strong>L&#039;h\u00f4tel propose-t-il le petit-d\u00e9jeuner\u00a0?<\/strong><br \/>Oui, un petit-d\u00e9jeuner buffet est servi tous les jours \u00e0 partir de <strong>07:00\u201310:00<\/strong>, proposant une cuisine occidentale et chinoise. Prix\u00a0: <strong>58 CNY par personne<\/strong> (environ 8,17 USD).<\/p><\/li><li><p><strong>Qu&#039;est-ce que la \u201c Cuisine Fusion Pu Shi \u00b7 Gui Bei \u201d ?<\/strong><br \/>Le restaurant sur le toit de l&#039;h\u00f4tel propose des plats chinois modernes pr\u00e9par\u00e9s avec des ingr\u00e9dients locaux du Guangxi \u2014 l&#039;endroit id\u00e9al pour un repas avec vue.<\/p><\/li><li><p><strong>Y a-t-il une connexion Wi-Fi gratuite\u00a0?<\/strong><br \/>Oui, une connexion Wi-Fi haut d\u00e9bit gratuite est disponible dans toutes les chambres et les espaces communs.<\/p><\/li><li><p><strong>Existe-t-il des \u00e9quipements sp\u00e9ciaux pour les familles\u00a0?<\/strong><br \/>Oui ! Des chambres \u00e0 th\u00e8me adapt\u00e9es aux familles, des chaussons pour enfants, des jouets, des jeux de soci\u00e9t\u00e9, des livres et des vid\u00e9os sont fournis.<\/p><\/li><li><p><strong>Quelles exp\u00e9riences uniques l&#039;h\u00f4tel propose-t-il ?<\/strong><br \/>Appr\u00e9cier:<\/p><ul dir=\"auto\" data-spm-anchor-id=\"a2ty_o01.29997173.0.i56.2ca9c921hDpzAm\"><li>Vues depuis les toits de la colline du Trompe d&#039;\u00c9l\u00e9phant<\/li><li>Th\u00e9 signature gingembre-datte dans le hall<\/li><li>Chambres de style japonais avec baignoires rondes<\/li><li>D\u00e9gustation de th\u00e9 dans le paisible salon de th\u00e9<\/li><li data-spm-anchor-id=\"a2ty_o01.29997173.0.i57.2ca9c921hDpzAm\">Service de majordome dans certaines cat\u00e9gories de chambres<\/li><\/ul><\/li><\/ol>\t\t\t\t\t\t\t\t<\/div>\n\t\t\t\t\t<\/div>\n\t\t<\/div>\n\t\t\t\t\t<\/div>\n\t\t<\/section>\n\t\t\t\t<section class=\"elementor-section elementor-top-section elementor-element elementor-element-5c22daef elementor-section-stretched elementor-section-boxed elementor-section-gap-beside-yes elementor-section-height-default elementor-section-height-default elementor-section-column-vertical-align-stretch\" data-id=\"5c22daef\" data-element_type=\"section\" data-e-type=\"section\" data-settings=\"{&quot;background_background&quot;:&quot;classic&quot;,&quot;stretch_section&quot;:&quot;section-stretched&quot;}\">\n\t\t\t\t\t\t<div class=\"elementor-container elementor-column-gap-extended\">\n\t\t\t\t\t<div class=\"elementor-column elementor-col-100 elementor-top-column elementor-element elementor-element-679c24f5\" data-id=\"679c24f5\" data-element_type=\"column\" data-e-type=\"column\">\n\t\t\t<div class=\"elementor-widget-wrap elementor-element-populated\">\n\t\t\t\t\t\t<div class=\"elementor-element elementor-element-26c41124 elementor-widget elementor-widget-nuss-heading\" data-id=\"26c41124\" data-element_type=\"widget\" data-e-type=\"widget\" data-widget_type=\"nuss-heading.default\">\n\t\t\t\t<div class=\"elementor-widget-container\">\n\t\t\t\t\t\t\t<div class=\"nuss-modern-heading\">\r\n\t\t\t\t\t\t<div class=\"heading-secondary-wrap\">\r\n\t\t\t\t<h3 class=\"heading-secondary elementor-heading-title\">Ch\u00e8que disponible <\/h3>\t\t\t<\/div>\r\n\t\t\r\n\t\t\t\r\n\t\t\t\r\n\t\t\t\t\t<\/div>\r\n\t\t\t\t\t<\/div>\n\t\t\t\t<\/div>\n\t\t\t\t<div class=\"elementor-element elementor-element-17ebb3e6 elementor-widget elementor-widget-text-editor\" data-id=\"17ebb3e6\" data-element_type=\"widget\" data-e-type=\"widget\" data-widget_type=\"text-editor.default\">\n\t\t\t\t\t\t\t\t\t<iframe border=\"0\" src=\"https:\/\/www.trip.com\/partners\/ad\/S7130629?Allianceid=4590391&#038;SID=277205839&#038;trip_sub1=\" style=\"width:1200px;height:150px\" frameborder=\"0\" scrolling=\"no\" id=\"S7130629\"><\/iframe>\t\t\t\t\t\t\t\t<\/div>\n\t\t\t\t\t<\/div>\n\t\t<\/div>\n\t\t\t\t\t<\/div>\n\t\t<\/section>\n\t\t\t\t<\/div>","protected":false},"excerpt":{"rendered":"<p>Below, you will find a list of the questions most frequently asked by our guests. FAQ&#8217;S Questions &amp; Answers &#x1f3e8; Hotel &amp; Booking What are the check-in and check-out times?Check-in is from 14:00, and check-out is by 12:00 noon. Is there a deposit required at check-in?No deposit is required by the hotel. Can I book [&hellip;]<\/p>\n","protected":false},"author":1,"featured_media":0,"parent":0,"menu_order":0,"comment_status":"closed","ping_status":"closed","template":"","meta":{"footnotes":""},"class_list":["post-2105","page","type-page","status-publish","hentry","post-no-thumbnail"],"_links":{"self":[{"href":"https:\/\/gangsherooftopviewhotel.com\/fr\/wp-json\/wp\/v2\/pages\/2105","targetHints":{"allow":["GET"]}}],"collection":[{"href":"https:\/\/gangsherooftopviewhotel.com\/fr\/wp-json\/wp\/v2\/pages"}],"about":[{"href":"https:\/\/gangsherooftopviewhotel.com\/fr\/wp-json\/wp\/v2\/types\/page"}],"author":[{"embeddable":true,"href":"https:\/\/gangsherooftopviewhotel.com\/fr\/wp-json\/wp\/v2\/users\/1"}],"replies":[{"embeddable":true,"href":"https:\/\/gangsherooftopviewhotel.com\/fr\/wp-json\/wp\/v2\/comments?post=2105"}],"version-history":[{"count":0,"href":"https:\/\/gangsherooftopviewhotel.com\/fr\/wp-json\/wp\/v2\/pages\/2105\/revisions"}],"wp:attachment":[{"href":"https:\/\/gangsherooftopviewhotel.com\/fr\/wp-json\/wp\/v2\/media?parent=2105"}],"curies":[{"name":"wp","href":"https:\/\/api.w.org\/{rel}","templated":true}]}}