{"id":5266,"date":"2021-07-18T08:03:35","date_gmt":"2021-07-18T08:03:35","guid":{"rendered":"https:\/\/nuss.uxper.co\/luxury-resort\/?page_id=5266"},"modified":"2025-11-22T05:13:23","modified_gmt":"2025-11-22T05:13:23","slug":"a-propos-de-nous","status":"publish","type":"page","link":"https:\/\/gangsherooftopviewhotel.com\/fr\/a-propos-de-nous\/","title":{"rendered":"\u00c0 propos de nous"},"content":{"rendered":"<div data-elementor-type=\"wp-page\" data-elementor-id=\"5266\" class=\"elementor elementor-5266\">\n\t\t\t\t\t\t<section class=\"elementor-section elementor-top-section elementor-element elementor-element-10416953 elementor-section-boxed elementor-section-gap-beside-yes elementor-section-height-default elementor-section-height-default elementor-section-column-vertical-align-stretch\" data-id=\"10416953\" data-element_type=\"section\" data-e-type=\"section\">\n\t\t\t\t\t\t<div class=\"elementor-container elementor-column-gap-extended\">\n\t\t\t\t\t<div class=\"elementor-column elementor-col-100 elementor-top-column elementor-element elementor-element-29c6aa8\" data-id=\"29c6aa8\" data-element_type=\"column\" data-e-type=\"column\">\n\t\t\t<div class=\"elementor-widget-wrap elementor-element-populated\">\n\t\t\t\t\t\t<div class=\"elementor-element elementor-element-7be18fe7 elementor-widget__width-initial elementor-invisible elementor-widget elementor-widget-text-editor\" data-id=\"7be18fe7\" data-element_type=\"widget\" data-e-type=\"widget\" data-settings=\"{&quot;_animation&quot;:&quot;nussFadeInUp&quot;}\" data-widget_type=\"text-editor.default\">\n\t\t\t\t\t\t\t\t\t<div class=\"svelte-1c06zsf\" data-lang-code=\"\"><p><strong data-spm-anchor-id=\"a2ty_o01.29997173.0.i26.2ca9c921hDpzAm\">H\u00f4tel GangShe Rooftop View I \u2013 Votre porte d&#039;entr\u00e9e privil\u00e9gi\u00e9e vers les paysages embl\u00e9matiques et le charme urbain de Guilin<\/strong><\/p><\/div>\t\t\t\t\t\t\t\t<\/div>\n\t\t\t\t\t<\/div>\n\t\t<\/div>\n\t\t\t\t\t<\/div>\n\t\t<\/section>\n\t\t\t\t<section class=\"elementor-section elementor-top-section elementor-element elementor-element-7d18327f elementor-section-boxed elementor-section-gap-beside-yes elementor-section-height-default elementor-section-height-default elementor-section-column-vertical-align-stretch\" data-id=\"7d18327f\" data-element_type=\"section\" data-e-type=\"section\">\n\t\t\t\t\t\t<div class=\"elementor-container elementor-column-gap-extended\">\n\t\t\t\t\t<div class=\"elementor-column elementor-col-50 elementor-top-column elementor-element elementor-element-56533670\" data-id=\"56533670\" data-element_type=\"column\" data-e-type=\"column\">\n\t\t\t<div class=\"elementor-widget-wrap elementor-element-populated\">\n\t\t\t\t\t\t<div class=\"elementor-element elementor-element-19c3f543 elementor-drop-cap-yes elementor-drop-cap-view-default elementor-invisible elementor-widget elementor-widget-text-editor\" data-id=\"19c3f543\" data-element_type=\"widget\" data-e-type=\"widget\" data-settings=\"{&quot;_animation&quot;:&quot;nussFadeInUp&quot;,&quot;drop_cap&quot;:&quot;yes&quot;}\" data-widget_type=\"text-editor.default\">\n\t\t\t\t\t\t\t\t\t<p data-spm-anchor-id=\"a2ty_o01.29997173.0.i28.2ca9c921hDpzAm\">D\u00e9couvrez le parfait m\u00e9lange de confort serein et de commodit\u00e9 strat\u00e9gique chez <strong>H\u00f4tel GangShe Rooftop View I (Guilin, Deux Rivi\u00e8res et Quatre Lacs, Colline du Trompe d&#039;\u00c9l\u00e9phant)<\/strong>, un h\u00f4tel boutique 4 \u00e9toiles exceptionnel nich\u00e9 au c\u0153ur du quartier anim\u00e9 de Xiufeng. Situ\u00e9 \u00e0 <strong>N\u00b0 15, rue Jiefang Est<\/strong>, Ce sanctuaire moderne vous place \u00e0 deux pas des sites les plus pr\u00e9cieux de Guilin, dont le l\u00e9gendaire <strong>Colline du Trompe d&#039;\u00c9l\u00e9phant<\/strong>, les eaux scintillantes de <strong>Deux rivi\u00e8res et quatre lacs<\/strong>, et l&#039;historique <strong>Mur de la ville antique de Jingjiang Wangcheng<\/strong>.<\/p>\t\t\t\t\t\t\t\t<\/div>\n\t\t\t\t\t<\/div>\n\t\t<\/div>\n\t\t\t\t<div class=\"elementor-column elementor-col-50 elementor-top-column elementor-element elementor-element-30f14127\" data-id=\"30f14127\" data-element_type=\"column\" data-e-type=\"column\">\n\t\t\t<div class=\"elementor-widget-wrap elementor-element-populated\">\n\t\t\t\t\t\t<div class=\"elementor-element elementor-element-59aea08 elementor-widget elementor-widget-image\" data-id=\"59aea08\" data-element_type=\"widget\" data-e-type=\"widget\" data-widget_type=\"image.default\">\n\t\t\t\t\t\t\t\t\t\t\t\t\t\t\t<img fetchpriority=\"high\" decoding=\"async\" width=\"1024\" height=\"767\" src=\"https:\/\/gangsherooftopviewhotel.com\/wp-content\/uploads\/2025\/11\/GangShe-Rooftop-View-Hotel-87-1024x767.webp\" class=\"attachment-large size-large wp-image-7269\" alt=\"\" srcset=\"https:\/\/gangsherooftopviewhotel.com\/wp-content\/uploads\/2025\/11\/GangShe-Rooftop-View-Hotel-87-1024x767.webp 1024w, https:\/\/gangsherooftopviewhotel.com\/wp-content\/uploads\/2025\/11\/GangShe-Rooftop-View-Hotel-87-300x225.webp 300w, https:\/\/gangsherooftopviewhotel.com\/wp-content\/uploads\/2025\/11\/GangShe-Rooftop-View-Hotel-87-768x575.webp 768w, https:\/\/gangsherooftopviewhotel.com\/wp-content\/uploads\/2025\/11\/GangShe-Rooftop-View-Hotel-87-16x12.webp 16w, https:\/\/gangsherooftopviewhotel.com\/wp-content\/uploads\/2025\/11\/GangShe-Rooftop-View-Hotel-87.webp 1139w\" sizes=\"(max-width: 1024px) 100vw, 1024px\" \/>\t\t\t\t\t\t\t\t\t\t\t\t\t\t\t<\/div>\n\t\t\t\t\t<\/div>\n\t\t<\/div>\n\t\t\t\t\t<\/div>\n\t\t<\/section>\n\t\t\t\t<section class=\"elementor-section elementor-top-section elementor-element elementor-element-29fb8578 elementor-section-height-min-height elementor-section-stretched elementor-section-full_width elementor-section-items-stretch elementor-section-height-default elementor-section-column-vertical-align-stretch\" data-id=\"29fb8578\" data-element_type=\"section\" data-e-type=\"section\" data-settings=\"{&quot;stretch_section&quot;:&quot;section-stretched&quot;}\">\n\t\t\t\t\t\t<div class=\"elementor-container elementor-column-gap-no\">\n\t\t\t\t\t<div class=\"elementor-column elementor-col-50 elementor-top-column elementor-element elementor-element-40ac270b\" data-id=\"40ac270b\" data-element_type=\"column\" data-e-type=\"column\">\n\t\t\t<div class=\"elementor-widget-wrap elementor-element-populated\">\n\t\t\t\t\t\t<div class=\"elementor-element elementor-element-b29c057 elementor-widget elementor-widget-image\" data-id=\"b29c057\" data-element_type=\"widget\" data-e-type=\"widget\" data-widget_type=\"image.default\">\n\t\t\t\t\t\t\t\t\t\t\t\t\t\t\t<img decoding=\"async\" width=\"1024\" height=\"682\" src=\"https:\/\/gangsherooftopviewhotel.com\/wp-content\/uploads\/2025\/11\/GangShe-Rooftop-View-Hotel-105-1024x682.webp\" class=\"attachment-large size-large wp-image-7287\" alt=\"\" srcset=\"https:\/\/gangsherooftopviewhotel.com\/wp-content\/uploads\/2025\/11\/GangShe-Rooftop-View-Hotel-105-1024x682.webp 1024w, https:\/\/gangsherooftopviewhotel.com\/wp-content\/uploads\/2025\/11\/GangShe-Rooftop-View-Hotel-105-300x200.webp 300w, https:\/\/gangsherooftopviewhotel.com\/wp-content\/uploads\/2025\/11\/GangShe-Rooftop-View-Hotel-105-768x512.webp 768w, https:\/\/gangsherooftopviewhotel.com\/wp-content\/uploads\/2025\/11\/GangShe-Rooftop-View-Hotel-105-18x12.webp 18w, https:\/\/gangsherooftopviewhotel.com\/wp-content\/uploads\/2025\/11\/GangShe-Rooftop-View-Hotel-105.webp 1280w\" sizes=\"(max-width: 1024px) 100vw, 1024px\" \/>\t\t\t\t\t\t\t\t\t\t\t\t\t\t\t<\/div>\n\t\t\t\t\t<\/div>\n\t\t<\/div>\n\t\t\t\t<div class=\"elementor-column elementor-col-50 elementor-top-column elementor-element elementor-element-2dac103\" data-id=\"2dac103\" data-element_type=\"column\" data-e-type=\"column\">\n\t\t\t<div class=\"elementor-widget-wrap elementor-element-populated\">\n\t\t\t\t\t\t<div class=\"elementor-element elementor-element-6f1b8966 elementor-invisible elementor-widget elementor-widget-text-editor\" data-id=\"6f1b8966\" data-element_type=\"widget\" data-e-type=\"widget\" data-settings=\"{&quot;_animation&quot;:&quot;nussFadeInUp&quot;}\" data-widget_type=\"text-editor.default\">\n\t\t\t\t\t\t\t\t\t<p data-spm-anchor-id=\"a2ty_o01.29997173.0.i30.2ca9c921hDpzAm\">Dot\u00e9 d&#039;une qualit\u00e9 exceptionnelle <strong>Note des clients\u00a0: 9,7\/10<\/strong> Fort de plus de 11\u00a0600 avis, le GangShe Rooftop View Hotel I est r\u00e9guli\u00e8rement salu\u00e9 pour sa propret\u00e9 impeccable, son accueil chaleureux et ses espaces am\u00e9nag\u00e9s avec soin. Que vous planifiez une escapade romantique, des vacances en famille ou un voyage d&#039;affaires avec des pauses pittoresques, cet h\u00f4tel vous offre un rapport qualit\u00e9-prix exceptionnel et des exp\u00e9riences inoubliables.<\/p><h3>Emplacement exceptionnel : Acc\u00e8s \u00e0 pied aux principales attractions de Guilin<\/h3><p>Oubliez les longs trajets domicile-travail\u00a0: cet h\u00f4tel est situ\u00e9 au c\u0153ur m\u00eame des merveilles culturelles et naturelles de Guilin. <strong>160 m\u00e8tres<\/strong> Au loin se dresse l&#039;ancienne muraille de la ville de Jingjiang Wangcheng, tandis que <strong>210 m\u00e8tres<\/strong> vous conduit \u00e0 la rue pi\u00e9tonne anim\u00e9e East-West Lane, regorgeant de sp\u00e9cialit\u00e9s culinaires locales, de souvenirs et d&#039;artisanat traditionnel. <strong>Rue pi\u00e9tonne de Zhengyang<\/strong> et <strong>Parc des Sept \u00c9toiles<\/strong> elles sont \u00e9galement accessibles \u00e0 pied, ce qui facilite l&#039;exploration. <strong>La gare de Guilin se trouve \u00e0 seulement 3,7 km.<\/strong> et <strong>L&#039;a\u00e9roport international de Liangjiang se trouve \u00e0 seulement 31 km.<\/strong>, Atteindre votre destination \u2014 ou partir \u00e0 la d\u00e9couverte \u2014 se fait sans le moindre probl\u00e8me.<\/p><h3>Des chambres \u00e9l\u00e9gantes con\u00e7ues pour le confort et le plaisir des yeux<\/h3><p>Choisissez parmi <strong>84 chambres et suites \u00e9l\u00e9gamment am\u00e9nag\u00e9es<\/strong>, Chacune offre un m\u00e9lange unique d&#039;\u00e9quipements modernes et de touches culturelles. Les clients peuvent profiter de\u00a0:<\/p><ul dir=\"auto\"><li><strong>chambres de style japonais<\/strong> Avec une esth\u00e9tique minimaliste et une ambiance sereine.<\/li><li><strong>suites avec vue sur la montagne<\/strong> avec des baies vitr\u00e9es offrant une vue imprenable sur les c\u00e9l\u00e8bres pics karstiques de Guilin.<\/li><li><strong>Chambres \u00e0 th\u00e8me adapt\u00e9es aux familles<\/strong> avec des jouets, des chaussons pour enfants et une d\u00e9coration ludique pour les jeunes voyageurs.<\/li><li><strong>baignoires rondes<\/strong> et des coins th\u00e9 confortables dans certaines chambres pour une d\u00e9tente optimale.<\/li><\/ul><p data-spm-anchor-id=\"a2ty_o01.29997173.0.i32.2ca9c921hDpzAm\">Tous les h\u00e9bergements comprennent une connexion Wi-Fi gratuite, la climatisation, une salle de bains privative, un r\u00e9frig\u00e9rateur et un service de m\u00e9nage quotidien. De nombreuses chambres offrent un service de majordome, garantissant une attention personnalis\u00e9e tout au long de votre s\u00e9jour.<\/p>\t\t\t\t\t\t\t\t<\/div>\n\t\t\t\t\t<\/div>\n\t\t<\/div>\n\t\t\t\t\t<\/div>\n\t\t<\/section>\n\t\t\t\t<section class=\"elementor-section elementor-top-section elementor-element elementor-element-2651260 elementor-section-height-min-height elementor-section-stretched elementor-section-full_width elementor-section-items-stretch elementor-section-height-default elementor-section-column-vertical-align-stretch\" data-id=\"2651260\" data-element_type=\"section\" data-e-type=\"section\" data-settings=\"{&quot;stretch_section&quot;:&quot;section-stretched&quot;}\">\n\t\t\t\t\t\t<div class=\"elementor-container elementor-column-gap-no\">\n\t\t\t\t\t<div class=\"elementor-column elementor-col-50 elementor-top-column elementor-element elementor-element-534b5b3\" data-id=\"534b5b3\" data-element_type=\"column\" data-e-type=\"column\">\n\t\t\t<div class=\"elementor-widget-wrap elementor-element-populated\">\n\t\t\t\t\t\t<div class=\"elementor-element elementor-element-826d6cf elementor-invisible elementor-widget elementor-widget-text-editor\" data-id=\"826d6cf\" data-element_type=\"widget\" data-e-type=\"widget\" data-settings=\"{&quot;_animation&quot;:&quot;nussFadeInUp&quot;}\" data-widget_type=\"text-editor.default\">\n\t\t\t\t\t\t\t\t\t<h3 data-spm-anchor-id=\"a2ty_o01.29997173.0.i33.2ca9c921hDpzAm\">L&#039;excellence culinaire dans un cadre panoramique<\/h3><p>D\u00eenez comme un roi ou une reine chez <strong>\u201cPu Shi \u00b7 Cuisine fusion Gui Bei\u201d<\/strong>, Le restaurant panoramique de l&#039;h\u00f4tel, situ\u00e9 sur le toit, est un lieu embl\u00e9matique o\u00f9 les ingr\u00e9dients locaux rencontrent l&#039;art culinaire chinois contemporain, le tout avec une vue imprenable sur les toits et les canaux de Guilin. Commencez votre journ\u00e9e par un copieux petit-d\u00e9jeuner buffet (options occidentales et chinoises) ou savourez le fameux sandwich de l&#039;h\u00f4tel. <strong>th\u00e9 chaud gingembre-datte<\/strong> dans le paisible salon de th\u00e9 du hall \u2013 un rituel apaisant dont les clients ne tarissent pas d&#039;\u00e9loges.<\/p><h3>Des services haut de gamme adapt\u00e9s \u00e0 vos besoins<\/h3><p>D\u00e8s votre arriv\u00e9e, le GangShe Rooftop View Hotel I met tout en \u0153uvre pour votre confort gr\u00e2ce \u00e0 une gamme de services attentionn\u00e9s\u00a0:<\/p><ul dir=\"auto\"><li><strong>R\u00e9ception ouverte 24h\/24<\/strong> avec un personnel multilingue (anglais et mandarin).<\/li><li><strong>Consigne \u00e0 bagages gratuite<\/strong> et <strong>parking public gratuit<\/strong> proche.<\/li><li><strong>Transferts a\u00e9roport prioritaires<\/strong> (frais suppl\u00e9mentaires) et <strong>assistance \u00e0 la r\u00e9servation de taxis<\/strong>.<\/li><li><strong>Coordination de la biblioth\u00e8que, du salon de th\u00e9 et des randonn\u00e9es<\/strong> Pour les amoureux de la nature.<\/li><li><strong>Services de blanchisserie, repassage et nettoyage \u00e0 sec<\/strong> \u2014 tous disponibles sur place ou hors site.<\/li><li><strong>Avantages pour les familles<\/strong>: brosses \u00e0 dents pour enfants, jeux de soci\u00e9t\u00e9 et livres d&#039;histoires.<\/li><li><strong>commodit\u00e9s d&#039;affaires<\/strong>: salles de conf\u00e9rence, services de secr\u00e9tariat et syst\u00e8mes multim\u00e9dias pour les clients d&#039;affaires.<\/li><\/ul><p data-spm-anchor-id=\"a2ty_o01.29997173.0.i34.2ca9c921hDpzAm\">Les clients appr\u00e9cient particuli\u00e8rement le <strong>bouchons d&#039;oreilles gratuits<\/strong> pr\u00e9vu pour les dormeurs sensibles au bruit et le <strong>couvertures\/chauffages suppl\u00e9mentaires<\/strong> Disponible sur demande pendant les mois plus frais.<\/p>\t\t\t\t\t\t\t\t<\/div>\n\t\t\t\t\t<\/div>\n\t\t<\/div>\n\t\t\t\t<div class=\"elementor-column elementor-col-50 elementor-top-column elementor-element elementor-element-d6fd6ee\" data-id=\"d6fd6ee\" data-element_type=\"column\" data-e-type=\"column\">\n\t\t\t<div class=\"elementor-widget-wrap elementor-element-populated\">\n\t\t\t\t\t\t<div class=\"elementor-element elementor-element-ab11ced elementor-widget elementor-widget-image\" data-id=\"ab11ced\" data-element_type=\"widget\" data-e-type=\"widget\" data-widget_type=\"image.default\">\n\t\t\t\t\t\t\t\t\t\t\t\t\t\t\t<img decoding=\"async\" width=\"1024\" height=\"638\" src=\"https:\/\/gangsherooftopviewhotel.com\/wp-content\/uploads\/2025\/11\/GangShe-Rooftop-View-Hotel-79-1024x638.webp\" class=\"attachment-large size-large wp-image-7261\" alt=\"\" srcset=\"https:\/\/gangsherooftopviewhotel.com\/wp-content\/uploads\/2025\/11\/GangShe-Rooftop-View-Hotel-79-1024x638.webp 1024w, https:\/\/gangsherooftopviewhotel.com\/wp-content\/uploads\/2025\/11\/GangShe-Rooftop-View-Hotel-79-300x187.webp 300w, https:\/\/gangsherooftopviewhotel.com\/wp-content\/uploads\/2025\/11\/GangShe-Rooftop-View-Hotel-79-768x478.webp 768w, https:\/\/gangsherooftopviewhotel.com\/wp-content\/uploads\/2025\/11\/GangShe-Rooftop-View-Hotel-79-18x12.webp 18w, https:\/\/gangsherooftopviewhotel.com\/wp-content\/uploads\/2025\/11\/GangShe-Rooftop-View-Hotel-79.webp 1280w\" sizes=\"(max-width: 1024px) 100vw, 1024px\" \/>\t\t\t\t\t\t\t\t\t\t\t\t\t\t\t<\/div>\n\t\t\t\t\t<\/div>\n\t\t<\/div>\n\t\t\t\t\t<\/div>\n\t\t<\/section>\n\t\t\t\t<section class=\"elementor-section elementor-top-section elementor-element elementor-element-4d5a228 elementor-section-height-min-height elementor-section-stretched elementor-section-full_width elementor-section-items-stretch elementor-section-height-default elementor-section-column-vertical-align-stretch\" data-id=\"4d5a228\" data-element_type=\"section\" data-e-type=\"section\" data-settings=\"{&quot;stretch_section&quot;:&quot;section-stretched&quot;}\">\n\t\t\t\t\t\t<div class=\"elementor-container elementor-column-gap-no\">\n\t\t\t\t\t<div class=\"elementor-column elementor-col-50 elementor-top-column elementor-element elementor-element-ba59428\" data-id=\"ba59428\" data-element_type=\"column\" data-e-type=\"column\">\n\t\t\t<div class=\"elementor-widget-wrap elementor-element-populated\">\n\t\t\t\t\t\t<div class=\"elementor-element elementor-element-fd1cd9f elementor-widget elementor-widget-image\" data-id=\"fd1cd9f\" data-element_type=\"widget\" data-e-type=\"widget\" data-widget_type=\"image.default\">\n\t\t\t\t\t\t\t\t\t\t\t\t\t\t\t<img loading=\"lazy\" decoding=\"async\" width=\"1024\" height=\"682\" src=\"https:\/\/gangsherooftopviewhotel.com\/wp-content\/uploads\/2025\/11\/GangShe-Rooftop-View-Hotel-57-1024x682.webp\" class=\"attachment-large size-large wp-image-7239\" alt=\"\" srcset=\"https:\/\/gangsherooftopviewhotel.com\/wp-content\/uploads\/2025\/11\/GangShe-Rooftop-View-Hotel-57-1024x682.webp 1024w, https:\/\/gangsherooftopviewhotel.com\/wp-content\/uploads\/2025\/11\/GangShe-Rooftop-View-Hotel-57-300x200.webp 300w, https:\/\/gangsherooftopviewhotel.com\/wp-content\/uploads\/2025\/11\/GangShe-Rooftop-View-Hotel-57-768x512.webp 768w, https:\/\/gangsherooftopviewhotel.com\/wp-content\/uploads\/2025\/11\/GangShe-Rooftop-View-Hotel-57-18x12.webp 18w, https:\/\/gangsherooftopviewhotel.com\/wp-content\/uploads\/2025\/11\/GangShe-Rooftop-View-Hotel-57.webp 1280w\" sizes=\"(max-width: 1024px) 100vw, 1024px\" \/>\t\t\t\t\t\t\t\t\t\t\t\t\t\t\t<\/div>\n\t\t\t\t\t<\/div>\n\t\t<\/div>\n\t\t\t\t<div class=\"elementor-column elementor-col-50 elementor-top-column elementor-element elementor-element-3c0ff58\" data-id=\"3c0ff58\" data-element_type=\"column\" data-e-type=\"column\">\n\t\t\t<div class=\"elementor-widget-wrap elementor-element-populated\">\n\t\t\t\t\t\t<div class=\"elementor-element elementor-element-2e14ce1 elementor-invisible elementor-widget elementor-widget-text-editor\" data-id=\"2e14ce1\" data-element_type=\"widget\" data-e-type=\"widget\" data-settings=\"{&quot;_animation&quot;:&quot;nussFadeInUp&quot;}\" data-widget_type=\"text-editor.default\">\n\t\t\t\t\t\t\t\t\t<h3>Id\u00e9al pour tous les voyageurs : familles, couples et voyageurs d&#039;affaires<\/h3><p>Gr\u00e2ce \u00e0 son emplacement central, ses chambres spacieuses et son service exceptionnel, le GangShe Rooftop View Hotel I est devenu un lieu de pr\u00e9dilection pour les familles en qu\u00eate de confort et de charme. Les voyageurs en solo et les couples appr\u00e9cient la vue romantique depuis le toit-terrasse et les moments de d\u00e9tente autour d&#039;un th\u00e9, tandis que les voyageurs d&#039;affaires profitent d&#039;une connexion Wi-Fi fiable, de salles de r\u00e9union et de la proximit\u00e9 des transports en commun.<\/p><h3>Ce que disent les voyageurs<\/h3><blockquote><p><em>\u201c Un h\u00f4tel vraiment formidable. Tr\u00e8s propre, \u00e9l\u00e9gant et personnel accueillant. L&#039;emplacement est id\u00e9al car il y a des centres commerciaux tout autour ainsi que des commerces alimentaires et des march\u00e9s \u00e0 deux pas. \u201d<\/em> \u2014 Utilisateur invit\u00e9, novembre 2025<\/p><\/blockquote><blockquote><p><em>\u201c Nous avons pleinement profit\u00e9 de notre s\u00e9jour. L&#039;emplacement est id\u00e9al\u2026 Nous avons ador\u00e9 notre petit coin th\u00e9 pr\u00e8s de la fen\u00eatre. Le personnel de la r\u00e9ception \u00e9tait aimable et serviable. \u201d<\/em> \u2014 Wanderlust!, novembre 2025<\/p><\/blockquote><blockquote><p><em>\u201c L&#039;emplacement de cet h\u00f4tel est exceptionnel\u2026 en plein c\u0153ur de tout. \u00c0 noter toutefois qu&#039;il n&#039;y a pas de d\u00e9pose-minute \u00e0 l&#039;arriv\u00e9e. \u201d<\/em> \u2014 Utilisateur anonyme, novembre 2025<\/p><\/blockquote><h3>R\u00e9servez votre s\u00e9jour d\u00e8s aujourd&#039;hui<\/h3><p>Que vous soyez \u00e0 la recherche de la beaut\u00e9 brumeuse de la rivi\u00e8re Li, que vous fl\u00e2niez dans les ruelles anciennes ou que vous vous d\u00e9tendiez simplement avec une tasse de th\u00e9 au gingembre sous les \u00e9toiles, <strong>H\u00f4tel GangShe Rooftop View I<\/strong> Il offre bien plus qu&#039;un simple h\u00e9bergement\u00a0: il propose une immersion totale au c\u0153ur de Guilin. Avec des tarifs comp\u00e9titifs \u00e0 partir d&#039;environ <strong>98 USD par nuit<\/strong>, Avec un service exceptionnel et un emplacement qui vous place au c\u0153ur de tout, ce n&#039;est pas seulement un lieu de repos, c&#039;est l\u00e0 que commence v\u00e9ritablement votre voyage \u00e0 Guilin.<\/p><p data-spm-anchor-id=\"a2ty_o01.29997173.0.i35.2ca9c921hDpzAm\"><strong>R\u00e9servez d\u00e8s maintenant et d\u00e9couvrez pourquoi les voyageurs consid\u00e8rent le GangShe Rooftop View Hotel I comme l&#039;un des meilleurs h\u00f4tels 4 \u00e9toiles de Guilin.<\/strong><\/p>\t\t\t\t\t\t\t\t<\/div>\n\t\t\t\t\t<\/div>\n\t\t<\/div>\n\t\t\t\t\t<\/div>\n\t\t<\/section>\n\t\t\t\t<section class=\"elementor-section elementor-top-section elementor-element elementor-element-2092b7d0 elementor-section-stretched elementor-section-boxed elementor-section-gap-beside-yes elementor-section-height-default elementor-section-height-default elementor-section-column-vertical-align-stretch\" data-id=\"2092b7d0\" data-element_type=\"section\" data-e-type=\"section\" data-settings=\"{&quot;background_background&quot;:&quot;classic&quot;,&quot;stretch_section&quot;:&quot;section-stretched&quot;}\">\n\t\t\t\t\t\t<div class=\"elementor-container elementor-column-gap-extended\">\n\t\t\t\t\t<div class=\"elementor-column elementor-col-100 elementor-top-column elementor-element elementor-element-be69d75\" data-id=\"be69d75\" data-element_type=\"column\" data-e-type=\"column\">\n\t\t\t<div class=\"elementor-widget-wrap elementor-element-populated\">\n\t\t\t\t\t\t<div class=\"elementor-element elementor-element-320c022 elementor-widget elementor-widget-nuss-heading\" data-id=\"320c022\" data-element_type=\"widget\" data-e-type=\"widget\" data-widget_type=\"nuss-heading.default\">\n\t\t\t\t<div class=\"elementor-widget-container\">\n\t\t\t\t\t\t\t<div class=\"nuss-modern-heading\">\r\n\t\t\t\t\t\t<div class=\"heading-secondary-wrap\">\r\n\t\t\t\t<h3 class=\"heading-secondary elementor-heading-title\">Ch\u00e8que disponible <\/h3>\t\t\t<\/div>\r\n\t\t\r\n\t\t\t\r\n\t\t\t\r\n\t\t\t\t\t<\/div>\r\n\t\t\t\t\t<\/div>\n\t\t\t\t<\/div>\n\t\t\t\t<div class=\"elementor-element elementor-element-fe69a93 elementor-widget elementor-widget-text-editor\" data-id=\"fe69a93\" data-element_type=\"widget\" data-e-type=\"widget\" data-widget_type=\"text-editor.default\">\n\t\t\t\t\t\t\t\t\t<iframe border=\"0\" src=\"https:\/\/www.trip.com\/partners\/ad\/S7130629?Allianceid=4590391&#038;SID=277205839&#038;trip_sub1=\" style=\"width:1200px;height:150px\" frameborder=\"0\" scrolling=\"no\" id=\"S7130629\"><\/iframe>\t\t\t\t\t\t\t\t<\/div>\n\t\t\t\t\t<\/div>\n\t\t<\/div>\n\t\t\t\t\t<\/div>\n\t\t<\/section>\n\t\t\t\t<\/div>","protected":false},"excerpt":{"rendered":"<p>GangShe Rooftop View Hotel I \u2013 Your Premium Gateway to Guilin\u2019s Iconic Landscapes &amp; Urban Charm Discover the perfect blend of serene comfort and strategic convenience at GangShe Rooftop View Hotel I (Guilin Two Rivers and Four Lakes Elephant Trunk Hill), a standout 4-star boutique hotel nestled in the vibrant heart of Xiufeng District. Located [&hellip;]<\/p>\n","protected":false},"author":1,"featured_media":0,"parent":0,"menu_order":0,"comment_status":"closed","ping_status":"closed","template":"","meta":{"footnotes":""},"class_list":["post-5266","page","type-page","status-publish","hentry","post-no-thumbnail"],"_links":{"self":[{"href":"https:\/\/gangsherooftopviewhotel.com\/fr\/wp-json\/wp\/v2\/pages\/5266","targetHints":{"allow":["GET"]}}],"collection":[{"href":"https:\/\/gangsherooftopviewhotel.com\/fr\/wp-json\/wp\/v2\/pages"}],"about":[{"href":"https:\/\/gangsherooftopviewhotel.com\/fr\/wp-json\/wp\/v2\/types\/page"}],"author":[{"embeddable":true,"href":"https:\/\/gangsherooftopviewhotel.com\/fr\/wp-json\/wp\/v2\/users\/1"}],"replies":[{"embeddable":true,"href":"https:\/\/gangsherooftopviewhotel.com\/fr\/wp-json\/wp\/v2\/comments?post=5266"}],"version-history":[{"count":0,"href":"https:\/\/gangsherooftopviewhotel.com\/fr\/wp-json\/wp\/v2\/pages\/5266\/revisions"}],"wp:attachment":[{"href":"https:\/\/gangsherooftopviewhotel.com\/fr\/wp-json\/wp\/v2\/media?parent=5266"}],"curies":[{"name":"wp","href":"https:\/\/api.w.org\/{rel}","templated":true}]}}