{"id":647,"date":"2021-03-29T02:13:52","date_gmt":"2021-03-29T02:13:52","guid":{"rendered":"http:\/\/localhost\/nuss\/?page_id=647"},"modified":"2025-11-22T06:10:18","modified_gmt":"2025-11-22T06:10:18","slug":"services","status":"publish","type":"page","link":"https:\/\/gangsherooftopviewhotel.com\/fr\/services\/","title":{"rendered":"Services"},"content":{"rendered":"<div data-elementor-type=\"wp-page\" data-elementor-id=\"647\" class=\"elementor elementor-647\">\n\t\t\t\t\t\t<section class=\"elementor-section elementor-top-section elementor-element elementor-element-3353bc8 elementor-section-boxed elementor-section-gap-beside-yes elementor-section-height-default elementor-section-height-default elementor-section-column-vertical-align-stretch\" data-id=\"3353bc8\" data-element_type=\"section\" data-e-type=\"section\">\n\t\t\t\t\t\t<div class=\"elementor-container elementor-column-gap-extended\">\n\t\t\t\t\t<div class=\"elementor-column elementor-col-100 elementor-top-column elementor-element elementor-element-0a2bc64\" data-id=\"0a2bc64\" data-element_type=\"column\" data-e-type=\"column\">\n\t\t\t<div class=\"elementor-widget-wrap elementor-element-populated\">\n\t\t\t\t\t\t<div class=\"elementor-element elementor-element-447e3ef elementor-widget__width-initial elementor-invisible elementor-widget elementor-widget-text-editor\" data-id=\"447e3ef\" data-element_type=\"widget\" data-e-type=\"widget\" data-settings=\"{&quot;_animation&quot;:&quot;nussFadeInUp&quot;}\" data-widget_type=\"text-editor.default\">\n\t\t\t\t\t\t\t\t\t<div class=\"svelte-1c06zsf\" data-lang-code=\"\"><p><strong data-spm-anchor-id=\"a2ty_o01.29997173.0.i87.2ca9c921hDpzAm\">Votre voyage, sublim\u00e9 : les services attentionn\u00e9s du GangShe Rooftop View Hotel I \u2013 o\u00f9 chaque d\u00e9tail est pens\u00e9 pour votre confort<\/strong><\/p><\/div>\t\t\t\t\t\t\t\t<\/div>\n\t\t\t\t\t<\/div>\n\t\t<\/div>\n\t\t\t\t\t<\/div>\n\t\t<\/section>\n\t\t<div class=\"elementor-element elementor-element-76953f7 e-flex e-con-boxed e-con e-parent\" data-id=\"76953f7\" data-element_type=\"container\" data-e-type=\"container\">\n\t\t\t\t\t<div class=\"e-con-inner\">\n\t\t\t\t<div class=\"elementor-element elementor-element-2f32cd6 elementor-widget elementor-widget-text-editor\" data-id=\"2f32cd6\" data-element_type=\"widget\" data-e-type=\"widget\" data-widget_type=\"text-editor.default\">\n\t\t\t\t\t\t\t\t\t<p data-spm-anchor-id=\"a2ty_o01.29997173.0.i89.2ca9c921hDpzAm\">\u00c0 <strong>H\u00f4tel GangShe Rooftop View I (Guilin, Deux Rivi\u00e8res et Quatre Lacs, Colline du Trompe d&#039;\u00c9l\u00e9phant)<\/strong>, Nous savons qu&#039;un s\u00e9jour vraiment m\u00e9morable ne se r\u00e9sume pas \u00e0 la chambre ou \u00e0 la vue\u00a0; il s&#039;agit avant tout de l&#039;attention discr\u00e8te et intuitive qui vous entoure de votre arriv\u00e9e \u00e0 votre d\u00e9part. Nich\u00e9 \u00e0 <strong>Route n\u00b015 de Jiefang Est, district de Xiufeng<\/strong>, Notre h\u00f4tel boutique 4 \u00e9toiles ne se contente pas d&#039;offrir des \u00e9quipements ; il propose un \u00e9cosyst\u00e8me de services con\u00e7us pour anticiper vos besoins, am\u00e9liorer votre confort et faire en sorte que votre s\u00e9jour \u00e0 Guilin soit aussi agr\u00e9able qu&#039;enchantant.<\/p><p data-spm-anchor-id=\"a2ty_o01.29997173.0.i88.2ca9c921hDpzAm\">Nous ne sommes pas l\u00e0 simplement pour vous accueillir, nous sommes l\u00e0 pour vous servir. Avec une note client de <strong>9,8\/10 pour le service<\/strong> et plus <strong>11\u00a0600 avis<\/strong> Reconnus pour la chaleur et l&#039;attention de notre personnel, nous avons b\u00e2ti notre r\u00e9putation sur notre capacit\u00e9 \u00e0 d\u00e9passer les attentes. Que vous soyez en voyage d&#039;affaires, en famille ou en solo, notre \u00e9quipe est pr\u00eate \u00e0 faire de votre s\u00e9jour une exp\u00e9rience personnalis\u00e9e, gr\u00e2ce \u00e0 une attention particuli\u00e8re port\u00e9e \u00e0 chaque d\u00e9tail.<\/p><div class=\"py-2 my-3\"><hr \/><\/div><h3>\ud83c\udf3f <strong>Arriv\u00e9e et d\u00e9part : un accueil sans encombre<\/strong><\/h3><p>Votre voyage commence en toute simplicit\u00e9. Notre <strong>R\u00e9ception ouverte 24h\/24<\/strong> Nous veillons \u00e0 ce que vous n&#039;ayez jamais \u00e0 attendre, m\u00eame si vous arrivez tard le soir ou partez avant l&#039;aube. L&#039;enregistrement est simplifi\u00e9 gr\u00e2ce \u00e0 notre <strong>syst\u00e8me de lecteur d&#039;identit\u00e9 \u00e9lectronique<\/strong>, permettant une v\u00e9rification rapide et sans contact. Pour ceux qui privil\u00e9gient l&#039;efficacit\u00e9, nous proposons <strong>enregistrement et d\u00e9part express<\/strong> pour minimiser les files d&#039;attente et maximiser votre pr\u00e9cieux temps de voyage.<\/p><p>Besoin d&#039;aide pour vous orienter\u00a0? Notre personnel multilingue parle\u2026 <strong>Anglais et mandarin<\/strong>, assurant une communication claire, que vous demandiez votre chemin, r\u00e9serviez un taxi ou cherchiez simplement des recommandations pour le meilleur restaurant de nouilles du coin.<\/p><p>Et parce que nous savons que les voyages peuvent \u00eatre impr\u00e9visibles, nous proposons <strong>consigne \u00e0 bagages gratuite<\/strong> Avant votre arriv\u00e9e et apr\u00e8s votre d\u00e9part, que vous arriviez t\u00f4t pour explorer la ville ou que vous preniez un vol tardif, vos bagages sont en s\u00e9curit\u00e9 chez nous.<\/p><div class=\"py-2 my-3\"><hr \/><\/div><h3>\ud83d\ude97 <strong>Se d\u00e9placer \u00e0 Guilin : des transports adapt\u00e9s \u00e0 vos besoins<\/strong><\/h3><p>Des transferts a\u00e9roport \u00e0 la d\u00e9couverte de la ville, nous nous occupons de la logistique pour que vous puissiez vous concentrer sur la d\u00e9couverte.<\/p><ul dir=\"auto\"><li><strong>Prise en charge et d\u00e9pose prioritaires \u00e0 l&#039;a\u00e9roport<\/strong>Pour plus de commodit\u00e9, nous proposons des services de transfert r\u00e9serv\u00e9s \u00e0 l&#039;avance depuis <strong>A\u00e9roport international de Guilin Liangjiang (\u00e0 30,7 km)<\/strong> Moyennant un suppl\u00e9ment. Laissez-nous organiser votre trajet \u00e0 l&#039;avance\u00a0: pas de n\u00e9gociation, pas de stress.<\/li><li><strong>Service de r\u00e9servation de taxis et location de voitures<\/strong>Besoin d&#039;une voiture priv\u00e9e pour la journ\u00e9e\u00a0? Notre concierge peut r\u00e9server des taxis ou vous aider \u00e0 louer une voiture pour vos excursions en toute libert\u00e9 dans la campagne de Guilin.<\/li><li><strong>Bureau de r\u00e9servation de visites et de billets<\/strong>D\u00e9couvrez les tr\u00e9sors cach\u00e9s de Guilin gr\u00e2ce \u00e0 nos suggestions. Croisi\u00e8res fluviales sur la rivi\u00e8re Li, randonn\u00e9es guid\u00e9es pr\u00e8s du parc des Sept \u00c9toiles\u2026 notre \u00e9quipe se charge de r\u00e9server vos billets, vos places et m\u00eame de vous recommander des excursions \u00e9cologiques pour les amoureux de la nature.<\/li><\/ul><div class=\"py-2 my-3\"><hr \/><\/div><h3>\ud83c\udf75 <strong>Moments de calme : Services de relaxation et de bien-\u00eatre<\/strong><\/h3><p>Dans une ville r\u00e9put\u00e9e pour sa beaut\u00e9 naturelle, nous avons cr\u00e9\u00e9, entre nos murs, des espaces propices \u00e0 la r\u00e9flexion et au ressourcement.<\/p><ul dir=\"auto\"><li><strong>Salon de th\u00e9 et th\u00e9 signature gingembre-datte<\/strong>D\u00e9tendez-vous dans notre paisible salon de th\u00e9 o\u00f9 le th\u00e9 est offert. <strong>th\u00e9 chaud gingembre-datte<\/strong> Servie quotidiennement, cette infusion apaisante et aromatique, tr\u00e8s appr\u00e9ci\u00e9e des locaux, est bien plus qu&#039;une simple boisson\u00a0: c&#039;est un rituel, une pause, un moment pour respirer.<\/li><li><strong>Biblioth\u00e8que<\/strong>\u00c9chappez \u00e0 l&#039;agitation du quotidien en vous plongeant dans un bon livre dans notre biblioth\u00e8que confortable, un coin tranquille id\u00e9al pour lire, \u00e9crire dans votre journal ou simplement profiter de l&#039;ambiance.<\/li><li><strong>Randonn\u00e9es et \u00e9co-tours<\/strong>Bien que nous ne soyons pas sur place, nous collaborons avec des guides locaux pour proposer des randonn\u00e9es hors site \u00e0 proximit\u00e9 du site. <strong>Deux rivi\u00e8res et quatre lacs<\/strong> et <strong>Colline du Trompe d&#039;\u00c9l\u00e9phant<\/strong>. N&#039;h\u00e9sitez pas \u00e0 demander plus de d\u00e9tails \u00e0 notre personnel\u00a0; il vous aidera \u00e0 trouver le sentier id\u00e9al adapt\u00e9 \u00e0 votre niveau de forme physique et \u00e0 vos centres d&#039;int\u00e9r\u00eat.<\/li><\/ul><div class=\"py-2 my-3\"><hr \/><\/div><h3>\ud83d\udc68\u200d\ud83d\udc69\u200d\ud83d\udc67\u200d\ud83d\udc66 <strong>Des petites attentions pour les familles qui facilitent les voyages<\/strong><\/h3><p>Vous voyagez avec des enfants ? Nous avons pens\u00e9 \u00e0 tout pour que votre s\u00e9jour soit agr\u00e9able et joyeux.<\/p><ul dir=\"auto\"><li><strong>Salles familiales sur le th\u00e8me des dessins anim\u00e9s<\/strong>Con\u00e7ues pour ravir les jeunes h\u00f4tes, ces chambres pr\u00e9sentent une d\u00e9coration ludique, des lits suppl\u00e9mentaires et des \u00e9quipements adapt\u00e9s aux enfants tels que des jouets, des jeux de soci\u00e9t\u00e9, des livres et des vid\u00e9os.<\/li><li><strong>Articles essentiels pour enfants<\/strong>Nous fournissons <strong>pantoufles pour enfants, brosses \u00e0 dents et peignoirs<\/strong> Sur demande, pour que les tout-petits se sentent comme \u00e0 la maison.<\/li><li><strong>Service de majordome pour les familles<\/strong>Dans certaines cat\u00e9gories de chambres, b\u00e9n\u00e9ficiez d&#039;une attention personnalis\u00e9e\u00a0: de l&#039;installation des lits b\u00e9b\u00e9 \u00e0 l&#039;aide pour les commandes de repas ou la planification des activit\u00e9s.<\/li><\/ul><div class=\"py-2 my-3\"><hr \/><\/div><h3>\ud83d\udcbc <strong>Services aux entreprises pour le professionnel moderne<\/strong><\/h3><p>Pour les voyageurs d&#039;affaires, nous proposons une gamme de services professionnels pour vous permettre de rester productif sans sacrifier votre confort.<\/p><ul dir=\"auto\"><li><strong>Salles de conf\u00e9rence et salles multifonctionnelles<\/strong>Organisez vos r\u00e9unions, pr\u00e9sentations ou petits \u00e9v\u00e9nements dans nos espaces bien \u00e9quip\u00e9s (avec suppl\u00e9ment). Dot\u00e9s de syst\u00e8mes d&#039;affichage multim\u00e9dia pour des appels vid\u00e9o et des pr\u00e9sentations num\u00e9riques fluides.<\/li><li><strong>Centre d&#039;affaires<\/strong>Acc\u00e8s \u00e0 des services de secr\u00e9tariat, de fax\/photocopie, d&#039;assistance postale et \u00e0 des outils de traduction \u2013 tous disponibles sur demande.<\/li><li><strong>Assistance Wi-Fi et technique<\/strong>Acc\u00e8s Wi-Fi haut d\u00e9bit gratuit dans tout l&#039;\u00e9tablissement, y compris les espaces communs et toutes les chambres. Besoin d&#039;une imprimante\u00a0? Il suffit de demander \u00e0 la r\u00e9ception.<\/li><\/ul><div class=\"py-2 my-3\"><hr \/><\/div><h3>\ud83e\uddfa <strong>Des \u00e9quipements pratiques pour un confort quotidien<\/strong><\/h3><p>Nous pensons que le vrai luxe r\u00e9side dans les petits d\u00e9tails, les commodit\u00e9s qui rendent votre s\u00e9jour vraiment confortable.<\/p><ul dir=\"auto\"><li><strong>Services de blanchisserie<\/strong>Lavez, s\u00e9chez, repassez ou d\u00e9froissez vos v\u00eatements gr\u00e2ce \u00e0 notre laverie automatique sur place. Le repassage est gratuit et la lessive est fournie.<\/li><li><strong>Parking public gratuit<\/strong>Un parking ext\u00e9rieur gratuit est disponible. Il est recommand\u00e9 de r\u00e9server en haute saison.<\/li><li><strong>Robots de service<\/strong>D\u00e9couvrez l&#039;avenir de l&#039;h\u00f4tellerie ! Nos robots de service assurent un service en chambre efficace, minimisant les perturbations et ajoutant une touche de charme moderne.<\/li><li><strong>Conforts suppl\u00e9mentaires<\/strong>: Demande <strong>couvertures suppl\u00e9mentaires, radiateurs ou bouchons d&#039;oreilles<\/strong> Si besoin est \u2014 certains clients ont remarqu\u00e9 que certaines chambres peuvent \u00eatre fra\u00eeches la nuit, et nous sommes heureux de proposer des solutions pour un sommeil r\u00e9parateur.<\/li><\/ul><div class=\"py-2 my-3\"><hr \/><\/div><h3>\ud83d\udece\ufe0f <strong>Attention personnalis\u00e9e\u00a0: service de majordome et avantages VIP<\/strong><\/h3><p>Dans certaines cat\u00e9gories de chambres, les clients b\u00e9n\u00e9ficient de <strong>service de majordome<\/strong>\u2014Un interlocuteur privil\u00e9gi\u00e9 pour toute demande, petite ou grande. Du d\u00e9ballage de vos valises \u00e0 l&#039;organisation d&#039;un d\u00eener surprise sur la terrasse panoramique, votre majordome veille \u00e0 ce que chaque d\u00e9tail soit pris en charge avec \u00e9l\u00e9gance.<\/p><p>Les avantages VIP suppl\u00e9mentaires comprennent\u00a0:<\/p><ul dir=\"auto\"><li><strong>Service d&#039;enregistrement VIP<\/strong><\/li><li><strong>Service de conciergerie<\/strong><\/li><li><strong>Appels de r\u00e9veil<\/strong><\/li><li><strong>Coffres-forts<\/strong> \u00e0 la r\u00e9ception<\/li><\/ul><div class=\"py-2 my-3\"><hr \/><\/div><h3>\ud83c\udf10 <strong>Connectivit\u00e9 et communication<\/strong><\/h3><p>Restez connect\u00e9 sans effort gr\u00e2ce \u00e0\u00a0:<\/p><ul dir=\"auto\"><li><strong>Wi-Fi gratuit<\/strong> dans toutes les chambres et les espaces publics<\/li><li><strong>Outils de traduction<\/strong> disponible pour les clients internationaux<\/li><li><strong>Personnel multilingue<\/strong> Parle couramment anglais et mandarin<\/li><li><strong>Lecteur d&#039;identit\u00e9 \u00e9lectronique<\/strong> pour un enregistrement rapide et s\u00e9curis\u00e9<\/li><\/ul><div class=\"py-2 my-3\"><hr \/><\/div><h3>\ud83d\udcde <strong>Toujours l\u00e0 pour toi<\/strong><\/h3><p>Notre engagement envers le service ne s&#039;arr\u00eate pas \u00e0 la r\u00e9ception. Que vous ayez besoin d&#039;aide pour r\u00e9server une excursion de derni\u00e8re minute, trouver une pharmacie ou simplement savoir o\u00f9 admirer le plus beau coucher de soleil, notre \u00e9quipe est \u00e0 votre disposition par t\u00e9l\u00e9phone ou message. Nous ne sommes pas de simples employ\u00e9s\u00a0: nous sommes vos guides locaux, vos alli\u00e9s pour r\u00e9soudre vos probl\u00e8mes, vos partenaires pour faire de votre aventure \u00e0 Guilin un s\u00e9jour inoubliable.<\/p><div class=\"py-2 my-3\"><hr \/><\/div><h3>\u2728 Pourquoi nos services se distinguent<\/h3><p>Ce qui distingue le GangShe Rooftop View Hotel I, c&#039;est notre philosophie\u00a0: <strong>Le service n&#039;est pas une liste de contr\u00f4le, c&#039;est une conversation<\/strong>. C\u2019est le personnel de la r\u00e9ception qui se souvient de votre nom, la femme de m\u00e9nage qui laisse un mot avec des conseils locaux, le robot qui vous apporte votre petit-d\u00e9jeuner avec un \u201c ding \u201d poli, ou le concierge qui vous aide \u00e0 trouver un endroit tranquille pour admirer le lever de la lune sur la rivi\u00e8re Li.<\/p><p>Nos clients ne cessent de faire l&#039;\u00e9loge de notre <strong>chaleur humaine, r\u00e9activit\u00e9 et souci du d\u00e9tail<\/strong>:<\/p><blockquote><p><em>\u201c Le personnel de la r\u00e9ception \u00e9tait aimable et serviable\u2026 parfait si vous \u00eates press\u00e9 par le temps et que vous devez voir rapidement tous les principaux sites touristiques. \u201d<\/em> \u2014 Utilisateur anonyme, novembre 2025<br \/><em>\u201c Nous avons pass\u00e9 un excellent s\u00e9jour. L&#039;emplacement est id\u00e9al, en plein c\u0153ur de la rue pi\u00e9tonne principale. Les chambres sont lumineuses et spacieuses. Nous avons ador\u00e9 notre petit coin th\u00e9 pr\u00e8s de la fen\u00eatre. \u201d<\/em> \u2014 Wanderlust!, novembre 2025<\/p><\/blockquote><div class=\"py-2 my-3\"><hr \/><\/div><div class=\"my-2\">\u00a0<\/div><h3>\ud83c\udfc1 Votre s\u00e9jour, simplifi\u00e9<\/h3><p>\u00c0 l&#039;h\u00f4tel GangShe Rooftop View Hotel I, nous ne nous contentons pas de proposer des services\u00a0: nous cr\u00e9ons des moments. Des moments de d\u00e9tente, des moments de pur plaisir, des moments qui transforment un simple voyage en un souvenir pr\u00e9cieux. Que vous sirotiez un th\u00e9 au gingembre au coucher du soleil sur Elephant Trunk Hill, que vous riiez avec vos enfants dans une chambre \u00e0 th\u00e8me ou que vous finalisiez un projet dans notre espace de conf\u00e9rence, nous sommes l\u00e0 pour que chaque seconde de votre s\u00e9jour soit parfaitement adapt\u00e9e \u00e0 vos envies.<\/p><p>Car \u00e0 Guilin, o\u00f9 la nature compose de la po\u00e9sie et o\u00f9 l&#039;histoire murmure \u00e0 travers les rues ancestrales, votre h\u00f4tel devrait \u00eatre le chef d&#039;orchestre discret de votre symphonie \u2013 non pas un simple d\u00e9cor, mais le c\u0153ur de votre exp\u00e9rience.<\/p><p>R\u00e9servez votre s\u00e9jour d\u00e8s aujourd&#039;hui et laissez-nous nous occuper du reste.<\/p><p>\u2014<\/p><p>\ud83d\udcde <strong>Contactez-nous<\/strong>: +86-773-2817999<br \/>\ud83c\udf10 <a href=\"https:\/\/gangsherooftopviewhotel.com\/fr\/\" target=\"_blank\" rel=\"nofollow noopener\">Site officiel <\/a><br \/>\ud83d\udccd <strong>No.15 Jiefang East Road, district de Xiufeng, Guilin, Guangxi, Chine<\/strong><\/p><div class=\"my-2\">\u00a0<\/div><p data-spm-anchor-id=\"a2ty_o01.29997173.0.i90.2ca9c921hDpzAm\"><em>\u201c Globalement, je recommande cet endroit \u00e0 tout le monde. Super moderne et bien situ\u00e9. \u201d<\/em> \u2014 Utilisateur invit\u00e9, novembre 2025<\/p>\t\t\t\t\t\t\t\t<\/div>\n\t\t\t\t\t<\/div>\n\t\t\t\t<\/div>\n\t\t\t\t<section class=\"elementor-section elementor-top-section elementor-element elementor-element-2a55d66e elementor-section-stretched elementor-section-boxed elementor-section-gap-beside-yes elementor-section-height-default elementor-section-height-default elementor-section-column-vertical-align-stretch\" data-id=\"2a55d66e\" data-element_type=\"section\" data-e-type=\"section\" data-settings=\"{&quot;background_background&quot;:&quot;classic&quot;,&quot;stretch_section&quot;:&quot;section-stretched&quot;}\">\n\t\t\t\t\t\t<div class=\"elementor-container elementor-column-gap-extended\">\n\t\t\t\t\t<div class=\"elementor-column elementor-col-100 elementor-top-column elementor-element elementor-element-3ef02647\" data-id=\"3ef02647\" data-element_type=\"column\" data-e-type=\"column\">\n\t\t\t<div class=\"elementor-widget-wrap elementor-element-populated\">\n\t\t\t\t\t\t<div class=\"elementor-element elementor-element-7e451c09 elementor-widget elementor-widget-nuss-heading\" data-id=\"7e451c09\" data-element_type=\"widget\" data-e-type=\"widget\" data-widget_type=\"nuss-heading.default\">\n\t\t\t\t<div class=\"elementor-widget-container\">\n\t\t\t\t\t\t\t<div class=\"nuss-modern-heading\">\r\n\t\t\t\t\t\t<div class=\"heading-secondary-wrap\">\r\n\t\t\t\t<h3 class=\"heading-secondary elementor-heading-title\">Ch\u00e8que disponible <\/h3>\t\t\t<\/div>\r\n\t\t\r\n\t\t\t\r\n\t\t\t\r\n\t\t\t\t\t<\/div>\r\n\t\t\t\t\t<\/div>\n\t\t\t\t<\/div>\n\t\t\t\t<div class=\"elementor-element elementor-element-1ac053b5 elementor-widget elementor-widget-text-editor\" data-id=\"1ac053b5\" data-element_type=\"widget\" data-e-type=\"widget\" data-widget_type=\"text-editor.default\">\n\t\t\t\t\t\t\t\t\t<iframe border=\"0\" src=\"https:\/\/www.trip.com\/partners\/ad\/S7130629?Allianceid=4590391&#038;SID=277205839&#038;trip_sub1=\" style=\"width:1200px;height:150px\" frameborder=\"0\" scrolling=\"no\" id=\"S7130629\"><\/iframe>\t\t\t\t\t\t\t\t<\/div>\n\t\t\t\t\t<\/div>\n\t\t<\/div>\n\t\t\t\t\t<\/div>\n\t\t<\/section>\n\t\t\t\t<\/div>","protected":false},"excerpt":{"rendered":"<p>Your Journey, Perfected: The Thoughtful Services of GangShe Rooftop View Hotel I \u2013 Where Every Detail is Designed for Your Ease At GangShe Rooftop View Hotel I (Guilin Two Rivers And Four Lakes Elephant Trunk Hill), we understand that a truly memorable stay isn\u2019t just about the room or the view\u2014it\u2019s about the seamless, intuitive [&hellip;]<\/p>\n","protected":false},"author":1,"featured_media":0,"parent":0,"menu_order":0,"comment_status":"closed","ping_status":"closed","template":"","meta":{"footnotes":""},"class_list":["post-647","page","type-page","status-publish","hentry","post-no-thumbnail"],"_links":{"self":[{"href":"https:\/\/gangsherooftopviewhotel.com\/fr\/wp-json\/wp\/v2\/pages\/647","targetHints":{"allow":["GET"]}}],"collection":[{"href":"https:\/\/gangsherooftopviewhotel.com\/fr\/wp-json\/wp\/v2\/pages"}],"about":[{"href":"https:\/\/gangsherooftopviewhotel.com\/fr\/wp-json\/wp\/v2\/types\/page"}],"author":[{"embeddable":true,"href":"https:\/\/gangsherooftopviewhotel.com\/fr\/wp-json\/wp\/v2\/users\/1"}],"replies":[{"embeddable":true,"href":"https:\/\/gangsherooftopviewhotel.com\/fr\/wp-json\/wp\/v2\/comments?post=647"}],"version-history":[{"count":0,"href":"https:\/\/gangsherooftopviewhotel.com\/fr\/wp-json\/wp\/v2\/pages\/647\/revisions"}],"wp:attachment":[{"href":"https:\/\/gangsherooftopviewhotel.com\/fr\/wp-json\/wp\/v2\/media?parent=647"}],"curies":[{"name":"wp","href":"https:\/\/api.w.org\/{rel}","templated":true}]}}